{"id":1123,"date":"2020-11-17T19:10:16","date_gmt":"2020-11-17T19:10:16","guid":{"rendered":"http:\/\/inventkft.hu\/?page_id=1123"},"modified":"2020-11-17T19:12:36","modified_gmt":"2020-11-17T19:12:36","slug":"hajtott-forgovaz","status":"publish","type":"page","link":"https:\/\/inventkft.hu\/en\/universal-motorized-bogie\/","title":{"rendered":"Univerz\u00e1lis hajtott forg\u00f3v\u00e1z"},"content":{"rendered":"<p>[et_pb_section fb_built=&#8221;1&#8243; _builder_version=&#8221;3.22&#8243; background_color=&#8221;#1b1b1b&#8221; custom_padding=&#8221;0|0px|0|0px|false|false&#8221;][et_pb_row _builder_version=&#8221;3.25&#8243; custom_padding=&#8221;14px|0px|1px|0px|false|false&#8221;][et_pb_column type=&#8221;4_4&#8243; _builder_version=&#8221;3.25&#8243; custom_padding=&#8221;|||&#8221; custom_padding__hover=&#8221;|||&#8221;][et_pb_text _builder_version=&#8221;4.0.7&#8243; header_font=&#8221;Karla|700||on|||||&#8221; header_text_align=&#8221;center&#8221; header_text_color=&#8221;#ffffff&#8221;]<\/p>\n<h1>UNIVERSAL MOTORIZED BOGIE \u2013 2019.<\/h1>\n<p>[\/et_pb_text][\/et_pb_column][\/et_pb_row][\/et_pb_section][et_pb_section fb_built=&#8221;1&#8243; _builder_version=&#8221;3.22&#8243; max_width=&#8221;91%&#8221; module_alignment=&#8221;center&#8221; custom_padding=&#8221;0|0px|66px|0|false|false&#8221;][et_pb_row _builder_version=&#8221;3.25&#8243; custom_padding=&#8221;50px|0px|27px|0|false|false&#8221;][et_pb_column type=&#8221;4_4&#8243; _builder_version=&#8221;3.25&#8243; custom_padding=&#8221;|||&#8221; custom_padding__hover=&#8221;|||&#8221;][et_pb_text _builder_version=&#8221;4.7.0&#8243;]<\/p>\n<p style=\"text-align: justify;\">With tender subsidy a modern narrow-gauge motorized bogie will be developed, that could be used not only at locomotives, but at motor-coaches as well. Because of the good \u201coff-road skill\u201d the UHFV bogie can provide a high passenger comfort even on bad conditioned railway track. The minimum unsprung mass spares the track and the electric traction motor makes the recuperation of the battery possible during down the hill using breaks. The UHFV bogie can be applied as a running-gear to diesel-electric, hybrid or only battery run vehicle. With the appearance of the narrow-gauge bogie the technical barrier disappears from the development of locomotives and motor-coaches (producing new or reconstruction) and also vanishes the obstacle on the vehicle side of the ecotourism. Furthermore those Narrow-gauge Railways, that have appropriate touristic destinations could rocket their level of services which can lead further tourists, passengers.<\/p>\n<p>[\/et_pb_text][et_pb_gallery gallery_ids=&#8221;1035,1070,1037,1038,1039,1040,1041,1042,1043,1044,1045,1046,1047&#8243; posts_number=&#8221;14&#8243; show_title_and_caption=&#8221;off&#8221; _builder_version=&#8221;4.7.0&#8243; _module_preset=&#8221;default&#8221;][\/et_pb_gallery][\/et_pb_column][\/et_pb_row][\/et_pb_section]<\/p>","protected":false},"excerpt":{"rendered":"<p>Univerz\u00e1lis hajtott forg\u00f3v\u00e1z &#8211; 2019.A p\u00e1ly\u00e1zati t\u00e1mogat\u00e1ssal l\u00e9trej\u00f6n egy korszer\u0171 hajtott kisvas\u00fati forg\u00f3v\u00e1z, amely nemcsak mozdonyok, hanem a motorkocsik korszer\u0171 hajtott fut\u00f3m\u0171vek\u00e9nt is alkalmazhat\u00f3. Az UHFV forg\u00f3v\u00e1z \u201eterepj\u00e1r\u00f3\u201d k\u00e9pess\u00e9ge miatt rossz min\u0151s\u00e9g\u0171 p\u00e1ly\u00e1n is k\u00e9pes fut\u00e1s\u00e1val magas utaskomfortot biztos\u00edtani. Az alacsony rug\u00f3zatlan t\u00f6meg biztos\u00edtja a p\u00e1lya k\u00edm\u00e9l\u00e9s\u00e9t, a rug\u00f3zott forg\u00f3v\u00e1zkeretbe \u00e9p\u00edtett villamos vontat\u00f3motorok lehet\u0151v\u00e9 teszik [&hellip;]<\/p>","protected":false},"author":1,"featured_media":0,"parent":0,"menu_order":0,"comment_status":"closed","ping_status":"closed","template":"","meta":{"_et_pb_use_builder":"on","_et_pb_old_content":"","_et_gb_content_width":"","ngg_post_thumbnail":0,"footnotes":""},"class_list":["post-1123","page","type-page","status-publish","hentry"],"yoast_head":"<!-- This site is optimized with the Yoast SEO Premium plugin v22.5 (Yoast SEO v24.4) - https:\/\/yoast.com\/wordpress\/plugins\/seo\/ -->\n<title>Univerz\u00e1lis hajtott forg\u00f3v\u00e1z - INVENT M\u00e9rn\u00f6kiroda Kft.<\/title>\n<meta name=\"robots\" content=\"index, follow, max-snippet:-1, max-image-preview:large, max-video-preview:-1\" \/>\n<link rel=\"canonical\" href=\"https:\/\/inventkft.hu\/en\/universal-motorized-bogie\/\" \/>\n<meta property=\"og:locale\" content=\"en_GB\" \/>\n<meta property=\"og:type\" content=\"article\" \/>\n<meta property=\"og:title\" content=\"Univerz\u00e1lis hajtott forg\u00f3v\u00e1z\" \/>\n<meta property=\"og:description\" content=\"Univerz\u00e1lis hajtott forg\u00f3v\u00e1z - 2019.A p\u00e1ly\u00e1zati t\u00e1mogat\u00e1ssal l\u00e9trej\u00f6n egy korszer\u0171 hajtott kisvas\u00fati forg\u00f3v\u00e1z, amely nemcsak mozdonyok, hanem a motorkocsik korszer\u0171 hajtott fut\u00f3m\u0171vek\u00e9nt is alkalmazhat\u00f3. Az UHFV forg\u00f3v\u00e1z \u201eterepj\u00e1r\u00f3\u201d k\u00e9pess\u00e9ge miatt rossz min\u0151s\u00e9g\u0171 p\u00e1ly\u00e1n is k\u00e9pes fut\u00e1s\u00e1val magas utaskomfortot biztos\u00edtani. Az alacsony rug\u00f3zatlan t\u00f6meg biztos\u00edtja a p\u00e1lya k\u00edm\u00e9l\u00e9s\u00e9t, a rug\u00f3zott forg\u00f3v\u00e1zkeretbe \u00e9p\u00edtett villamos vontat\u00f3motorok lehet\u0151v\u00e9 teszik [&hellip;]\" \/>\n<meta property=\"og:url\" content=\"https:\/\/inventkft.hu\/en\/universal-motorized-bogie\/\" \/>\n<meta property=\"og:site_name\" content=\"INVENT M\u00e9rn\u00f6kiroda Kft.\" \/>\n<meta property=\"article:modified_time\" content=\"2020-11-17T19:12:36+00:00\" \/>\n<meta name=\"twitter:card\" content=\"summary_large_image\" \/>\n<meta name=\"twitter:label1\" content=\"Estimated reading time\" \/>\n\t<meta name=\"twitter:data1\" content=\"2 minutes\" \/>\n<script type=\"application\/ld+json\" class=\"yoast-schema-graph\">{\"@context\":\"https:\/\/schema.org\",\"@graph\":[{\"@type\":\"WebPage\",\"@id\":\"https:\/\/inventkft.hu\/hajtott-forgovaz\/\",\"url\":\"https:\/\/inventkft.hu\/hajtott-forgovaz\/\",\"name\":\"Univerz\u00e1lis hajtott forg\u00f3v\u00e1z - INVENT M\u00e9rn\u00f6kiroda Kft.\",\"isPartOf\":{\"@id\":\"https:\/\/inventkft.hu\/#website\"},\"datePublished\":\"2020-11-17T19:10:16+00:00\",\"dateModified\":\"2020-11-17T19:12:36+00:00\",\"breadcrumb\":{\"@id\":\"https:\/\/inventkft.hu\/hajtott-forgovaz\/#breadcrumb\"},\"inLanguage\":\"en-GB\",\"potentialAction\":[{\"@type\":\"ReadAction\",\"target\":[\"https:\/\/inventkft.hu\/hajtott-forgovaz\/\"]}]},{\"@type\":\"BreadcrumbList\",\"@id\":\"https:\/\/inventkft.hu\/hajtott-forgovaz\/#breadcrumb\",\"itemListElement\":[{\"@type\":\"ListItem\",\"position\":1,\"name\":\"Home\",\"item\":\"https:\/\/inventkft.hu\/\"},{\"@type\":\"ListItem\",\"position\":2,\"name\":\"Univerz\u00e1lis hajtott forg\u00f3v\u00e1z\"}]},{\"@type\":\"WebSite\",\"@id\":\"https:\/\/inventkft.hu\/#website\",\"url\":\"https:\/\/inventkft.hu\/\",\"name\":\"INVENT M\u00e9rn\u00f6kiroda Kft.\",\"description\":\"\",\"potentialAction\":[{\"@type\":\"SearchAction\",\"target\":{\"@type\":\"EntryPoint\",\"urlTemplate\":\"https:\/\/inventkft.hu\/?s={search_term_string}\"},\"query-input\":{\"@type\":\"PropertyValueSpecification\",\"valueRequired\":true,\"valueName\":\"search_term_string\"}}],\"inLanguage\":\"en-GB\"}]}<\/script>\n<!-- \/ Yoast SEO Premium plugin. -->","yoast_head_json":{"title":"Univerz\u00e1lis hajtott forg\u00f3v\u00e1z - INVENT M\u00e9rn\u00f6kiroda Kft.","robots":{"index":"index","follow":"follow","max-snippet":"max-snippet:-1","max-image-preview":"max-image-preview:large","max-video-preview":"max-video-preview:-1"},"canonical":"https:\/\/inventkft.hu\/en\/universal-motorized-bogie\/","og_locale":"en_GB","og_type":"article","og_title":"Univerz\u00e1lis hajtott forg\u00f3v\u00e1z","og_description":"Univerz\u00e1lis hajtott forg\u00f3v\u00e1z - 2019.A p\u00e1ly\u00e1zati t\u00e1mogat\u00e1ssal l\u00e9trej\u00f6n egy korszer\u0171 hajtott kisvas\u00fati forg\u00f3v\u00e1z, amely nemcsak mozdonyok, hanem a motorkocsik korszer\u0171 hajtott fut\u00f3m\u0171vek\u00e9nt is alkalmazhat\u00f3. Az UHFV forg\u00f3v\u00e1z \u201eterepj\u00e1r\u00f3\u201d k\u00e9pess\u00e9ge miatt rossz min\u0151s\u00e9g\u0171 p\u00e1ly\u00e1n is k\u00e9pes fut\u00e1s\u00e1val magas utaskomfortot biztos\u00edtani. Az alacsony rug\u00f3zatlan t\u00f6meg biztos\u00edtja a p\u00e1lya k\u00edm\u00e9l\u00e9s\u00e9t, a rug\u00f3zott forg\u00f3v\u00e1zkeretbe \u00e9p\u00edtett villamos vontat\u00f3motorok lehet\u0151v\u00e9 teszik [&hellip;]","og_url":"https:\/\/inventkft.hu\/en\/universal-motorized-bogie\/","og_site_name":"INVENT M\u00e9rn\u00f6kiroda Kft.","article_modified_time":"2020-11-17T19:12:36+00:00","twitter_card":"summary_large_image","twitter_misc":{"Estimated reading time":"2 minutes"},"schema":{"@context":"https:\/\/schema.org","@graph":[{"@type":"WebPage","@id":"https:\/\/inventkft.hu\/hajtott-forgovaz\/","url":"https:\/\/inventkft.hu\/hajtott-forgovaz\/","name":"Univerz\u00e1lis hajtott forg\u00f3v\u00e1z - INVENT M\u00e9rn\u00f6kiroda Kft.","isPartOf":{"@id":"https:\/\/inventkft.hu\/#website"},"datePublished":"2020-11-17T19:10:16+00:00","dateModified":"2020-11-17T19:12:36+00:00","breadcrumb":{"@id":"https:\/\/inventkft.hu\/hajtott-forgovaz\/#breadcrumb"},"inLanguage":"en-GB","potentialAction":[{"@type":"ReadAction","target":["https:\/\/inventkft.hu\/hajtott-forgovaz\/"]}]},{"@type":"BreadcrumbList","@id":"https:\/\/inventkft.hu\/hajtott-forgovaz\/#breadcrumb","itemListElement":[{"@type":"ListItem","position":1,"name":"Home","item":"https:\/\/inventkft.hu\/"},{"@type":"ListItem","position":2,"name":"Univerz\u00e1lis hajtott forg\u00f3v\u00e1z"}]},{"@type":"WebSite","@id":"https:\/\/inventkft.hu\/#website","url":"https:\/\/inventkft.hu\/","name":"INVENT M\u00e9rn\u00f6kiroda Kft.","description":"","potentialAction":[{"@type":"SearchAction","target":{"@type":"EntryPoint","urlTemplate":"https:\/\/inventkft.hu\/?s={search_term_string}"},"query-input":{"@type":"PropertyValueSpecification","valueRequired":true,"valueName":"search_term_string"}}],"inLanguage":"en-GB"}]}},"_links":{"self":[{"href":"https:\/\/inventkft.hu\/en\/wp-json\/wp\/v2\/pages\/1123","targetHints":{"allow":["GET"]}}],"collection":[{"href":"https:\/\/inventkft.hu\/en\/wp-json\/wp\/v2\/pages"}],"about":[{"href":"https:\/\/inventkft.hu\/en\/wp-json\/wp\/v2\/types\/page"}],"author":[{"embeddable":true,"href":"https:\/\/inventkft.hu\/en\/wp-json\/wp\/v2\/users\/1"}],"replies":[{"embeddable":true,"href":"https:\/\/inventkft.hu\/en\/wp-json\/wp\/v2\/comments?post=1123"}],"version-history":[{"count":3,"href":"https:\/\/inventkft.hu\/en\/wp-json\/wp\/v2\/pages\/1123\/revisions"}],"predecessor-version":[{"id":1130,"href":"https:\/\/inventkft.hu\/en\/wp-json\/wp\/v2\/pages\/1123\/revisions\/1130"}],"wp:attachment":[{"href":"https:\/\/inventkft.hu\/en\/wp-json\/wp\/v2\/media?parent=1123"}],"curies":[{"name":"wp","href":"https:\/\/api.w.org\/{rel}","templated":true}]}}