{"id":149,"date":"2019-04-10T16:52:25","date_gmt":"2019-04-10T16:52:25","guid":{"rendered":"http:\/\/inventkft.hu\/?page_id=149"},"modified":"2023-05-13T14:23:07","modified_gmt":"2023-05-13T13:23:07","slug":"kapcsolat","status":"publish","type":"page","link":"https:\/\/inventkft.hu\/en\/contact\/","title":{"rendered":"Contact"},"content":{"rendered":"<p>[et_pb_section fb_built=&#8221;1&#8243; admin_label=&#8221;Hero Section&#8221; _builder_version=&#8221;4.16&#8243; custom_padding=&#8221;0|0px|0px|0px&#8221; global_colors_info=&#8221;{}&#8221;][et_pb_row column_structure=&#8221;1_2,1_2&#8243; make_equal=&#8221;on&#8221; _builder_version=&#8221;4.16&#8243; width=&#8221;100%&#8221; max_width=&#8221;100%&#8221; custom_padding=&#8221;0px|0|0px|&#8221; use_custom_width=&#8221;on&#8221; width_unit=&#8221;off&#8221; custom_width_percent=&#8221;100%&#8221; global_colors_info=&#8221;{}&#8221;][et_pb_column type=&#8221;1_2&#8243; _builder_version=&#8221;4.16&#8243; custom_padding=&#8221;150px|8%|260px|8%&#8221; custom_padding_tablet=&#8221;80px|10%|80px|10%&#8221; custom_padding_phone=&#8221;&#8221; custom_padding_last_edited=&#8221;on|tablet&#8221; global_colors_info=&#8221;{}&#8221; custom_padding__hover=&#8221;|||&#8221;][et_pb_text _builder_version=&#8221;4.20.4&#8243; text_font=&#8221;||||||||&#8221; header_font=&#8221;||||||||&#8221; header_3_font=&#8221;|700||on|||||&#8221; header_3_text_color=&#8221;#c2ab92&#8243; header_3_font_size=&#8221;16px&#8221; header_3_letter_spacing=&#8221;1px&#8221; background_layout=&#8221;dark&#8221; max_width=&#8221;600px&#8221; module_alignment=&#8221;left&#8221; custom_margin=&#8221;||20px|&#8221; locked=&#8221;off&#8221; global_colors_info=&#8221;{}&#8221;]<\/p>\n<h3><span style=\"color: #3B83BD;\">PLANNING A PROJECT?<\/span><\/h3>\n<p>[\/et_pb_text][et_pb_text _builder_version=&#8221;4.20.4&#8243; text_font=&#8221;||||||||&#8221; text_font_size=&#8221;18px&#8221; text_line_height=&#8221;1.8em&#8221; header_font=&#8221;||||||||&#8221; header_font_size=&#8221;56px&#8221; header_line_height=&#8221;1.4em&#8221; header_2_font=&#8221;||||||||&#8221; header_3_font=&#8221;||||||||&#8221; max_width=&#8221;600px&#8221; header_font_size_tablet=&#8221;40px&#8221; header_font_size_phone=&#8221;&#8221; header_font_size_last_edited=&#8221;on|tablet&#8221; locked=&#8221;off&#8221; global_colors_info=&#8221;{}&#8221;]<\/p>\n<h1>Contact<\/h1>\n<p>Do not hesitate to contact us! The wide range of our reference is the guarantee for a successful closure of our cooperation.<\/p>\n<p>[\/et_pb_text][et_pb_button button_url=&#8221;#form&#8221; button_text=&#8221;Aj\u00e1nlatk\u00e9r\u00e9s&#8221; _builder_version=&#8221;4.20.4&#8243; custom_button=&#8221;on&#8221; button_text_size=&#8221;13px&#8221; button_text_color=&#8221;#ffffff&#8221; button_bg_color=&#8221;#3b83bd&#8221; button_border_width=&#8221;2px&#8221; button_border_color=&#8221;#3b83bd&#8221; button_border_radius=&#8221;20px&#8221; button_letter_spacing=&#8221;3px&#8221; button_font=&#8221;|700||on|||||&#8221; background_layout=&#8221;dark&#8221; custom_padding=&#8221;10px||10px|&#8221; hover_enabled=&#8221;0&#8243; button_letter_spacing_hover=&#8221;2px&#8221; locked=&#8221;off&#8221; global_colors_info=&#8221;{}&#8221; button_text_size__hover_enabled=&#8221;on|hover&#8221; button_one_text_size__hover_enabled=&#8221;off&#8221; button_two_text_size__hover_enabled=&#8221;off&#8221; button_text_color__hover_enabled=&#8221;off&#8221; button_one_text_color__hover_enabled=&#8221;off&#8221; button_two_text_color__hover_enabled=&#8221;off&#8221; button_border_width__hover_enabled=&#8221;off&#8221; button_one_border_width__hover_enabled=&#8221;off&#8221; button_two_border_width__hover_enabled=&#8221;off&#8221; button_border_color__hover_enabled=&#8221;off&#8221; button_one_border_color__hover_enabled=&#8221;off&#8221; button_two_border_color__hover_enabled=&#8221;off&#8221; button_border_radius__hover_enabled=&#8221;off&#8221; button_one_border_radius__hover_enabled=&#8221;off&#8221; button_two_border_radius__hover_enabled=&#8221;off&#8221; button_letter_spacing__hover_enabled=&#8221;on&#8221; button_letter_spacing__hover=&#8221;3px&#8221; button_one_letter_spacing__hover_enabled=&#8221;off&#8221; button_two_letter_spacing__hover_enabled=&#8221;off&#8221; button_bg_color__hover_enabled=&#8221;off&#8221; button_one_bg_color__hover_enabled=&#8221;off&#8221; button_two_bg_color__hover_enabled=&#8221;off&#8221; button_text_size__hover=&#8221;13px&#8221; sticky_enabled=&#8221;0&#8243;][\/et_pb_button][\/et_pb_column][et_pb_column type=&#8221;1_2&#8243; _builder_version=&#8221;4.16&#8243; background_color=&#8221;#121212&#8243; use_background_color_gradient=&#8221;on&#8221; background_color_gradient_stops=&#8221;rgba(18,18,18,0.5) 0%|#121212 100%&#8221; background_color_gradient_overlays_image=&#8221;on&#8221; background_color_gradient_start=&#8221;rgba(18,18,18,0.5)&#8221; background_color_gradient_end=&#8221;#121212&#8243; background_image=&#8221;https:\/\/inventkft.hu\/wp-content\/uploads\/2019\/05\/iroda.jpg&#8221; custom_padding=&#8221;200px||260px|8%&#8221; custom_padding_tablet=&#8221;80px|10%|80px|10%&#8221; custom_padding_phone=&#8221;&#8221; custom_padding_last_edited=&#8221;on|desktop&#8221; global_colors_info=&#8221;{}&#8221; custom_padding__hover=&#8221;|||&#8221;][et_pb_text _builder_version=&#8221;4.20.4&#8243; text_font=&#8221;||||||||&#8221; text_text_color=&#8221;rgba(255,255,255,0.7)&#8221; text_font_size=&#8221;18px&#8221; text_line_height=&#8221;1.8em&#8221; link_text_color=&#8221;#3b83bd&#8221; quote_text_color=&#8221;#FFFFFF&#8221; header_font=&#8221;||||||||&#8221; header_2_font=&#8221;||||||||&#8221; header_2_font_size=&#8221;40px&#8221; header_2_line_height=&#8221;1.4em&#8221; header_3_font=&#8221;|600|||||||&#8221; header_3_line_height=&#8221;1.4em&#8221; background_layout=&#8221;dark&#8221; max_width=&#8221;600px&#8221; locked=&#8221;off&#8221; global_colors_info=&#8221;{}&#8221;]<\/p>\n<h3>E-mail<\/h3>\n<p><a href=\"mailto:invent@inventkft.hu?Subject=\u00c9rdekl\u0151d\u00e9s\" target=\"_top\" rel=\"noopener noreferrer\">invent@inventkft.hu<br \/><\/a><\/p>\n<h3>Address<\/h3>\n<p><a href=\"#map\" title=\"1086 Budapest, Csob\u00e1nc utca 11. 6. emelet 3.\">1086 Budapest, Csob\u00e1nc utca 11. 6. emelet 3.<\/a><\/p>\n<h3>Call us<\/h3>\n<p><a href=\"tel:+36 1 210 5901\">+36 1 210 5901<\/a><\/p>\n<p>[\/et_pb_text][\/et_pb_column][\/et_pb_row][\/et_pb_section][et_pb_section fb_built=&#8221;1&#8243; admin_label=&#8221;#form&#8221; _builder_version=&#8221;4.16&#8243; background_color=&#8221;#121212&#8243; custom_padding=&#8221;0|0px|0|0px|false|false&#8221; global_colors_info=&#8221;{}&#8221;][et_pb_row _builder_version=&#8221;4.16&#8243; custom_margin=&#8221;|||&#8221; custom_padding=&#8221;||0px|||&#8221; animation_direction=&#8221;bottom&#8221; global_colors_info=&#8221;{}&#8221;][et_pb_column type=&#8221;4_4&#8243; _builder_version=&#8221;4.16&#8243; custom_padding=&#8221;|||&#8221; global_colors_info=&#8221;{}&#8221; custom_padding__hover=&#8221;|||&#8221;][et_pb_text module_id=&#8221;map&#8221; _builder_version=&#8221;4.20.4&#8243; custom_margin=&#8221;-160px||||false|false&#8221; custom_margin_tablet=&#8221;0px||||false|false&#8221; custom_margin_phone=&#8221;0px||||false|false&#8221; custom_margin_last_edited=&#8221;on|desktop&#8221; animation_style=&#8221;flip&#8221; animation_direction=&#8221;top&#8221; global_colors_info=&#8221;{}&#8221;]<\/p>\n<p><iframe src=\"https:\/\/www.google.com\/maps\/embed?pb=!1m18!1m12!1m3!1d2696.059219190704!2d19.08704223101991!3d47.48875971257465!2m3!1f0!2f0!3f0!3m2!1i1024!2i768!4f13.1!3m3!1m2!1s0x4741dceded7b065d%3A0x269070ffa4396358!2sInvent%20M%C3%A9rn%C3%B6kiroda%20Kft.!5e0!3m2!1sen!2shu!4v1680792106868!5m2!1sen!2shu\" width=\"100%\" height=\"500px\" style=\"border: 0;\" allowfullscreen=\"\" loading=\"lazy\" referrerpolicy=\"no-referrer-when-downgrade\"><\/iframe><\/p>\n<p>[\/et_pb_text][\/et_pb_column][\/et_pb_row][\/et_pb_section]<\/p>","protected":false},"excerpt":{"rendered":"<p>Projektet tervez?Kapcsolat Forduljon hozz\u00e1nk bizalommal. Referenci\u00e1k sz\u00e9les k\u00f6re garancia arra, hogy egy\u00fcttm\u0171k\u00f6d\u00e9s\u00fcnk eredm\u00e9nyesen z\u00e1ruljon.Email invent@inventkft.hu C\u00edm\u00fcnk 1086 Budapest, Csob\u00e1nc utca 11. 6. emelet 3. H\u00edvjon minket +36 1 210 5901<\/p>","protected":false},"author":1,"featured_media":0,"parent":0,"menu_order":0,"comment_status":"closed","ping_status":"closed","template":"","meta":{"_et_pb_use_builder":"on","_et_pb_old_content":"","_et_gb_content_width":"","ngg_post_thumbnail":0,"footnotes":""},"class_list":["post-149","page","type-page","status-publish","hentry"],"yoast_head":"<!-- This site is optimized with the Yoast SEO Premium plugin v22.5 (Yoast SEO v24.4) - https:\/\/yoast.com\/wordpress\/plugins\/seo\/ -->\n<title>Kapcsolat - INVENT M\u00e9rn\u00f6kiroda Kft.<\/title>\n<meta name=\"robots\" content=\"index, follow, max-snippet:-1, max-image-preview:large, max-video-preview:-1\" \/>\n<link rel=\"canonical\" href=\"https:\/\/inventkft.hu\/en\/contact\/\" \/>\n<meta property=\"og:locale\" content=\"en_GB\" \/>\n<meta property=\"og:type\" content=\"article\" \/>\n<meta property=\"og:title\" content=\"Kapcsolat\" \/>\n<meta property=\"og:description\" content=\"Projektet tervez?Kapcsolat Forduljon hozz\u00e1nk bizalommal. Referenci\u00e1k sz\u00e9les k\u00f6re garancia arra, hogy egy\u00fcttm\u0171k\u00f6d\u00e9s\u00fcnk eredm\u00e9nyesen z\u00e1ruljon.Email invent@inventkft.hu C\u00edm\u00fcnk 1086 Budapest, Csob\u00e1nc utca 11. 6. emelet 3. H\u00edvjon minket +36 1 210 5901\" \/>\n<meta property=\"og:url\" content=\"https:\/\/inventkft.hu\/en\/contact\/\" \/>\n<meta property=\"og:site_name\" content=\"INVENT M\u00e9rn\u00f6kiroda Kft.\" \/>\n<meta property=\"article:modified_time\" content=\"2023-05-13T13:23:07+00:00\" \/>\n<meta name=\"twitter:card\" content=\"summary_large_image\" \/>\n<meta name=\"twitter:label1\" content=\"Estimated reading time\" \/>\n\t<meta name=\"twitter:data1\" content=\"3 minutes\" \/>\n<script type=\"application\/ld+json\" class=\"yoast-schema-graph\">{\"@context\":\"https:\/\/schema.org\",\"@graph\":[{\"@type\":\"WebPage\",\"@id\":\"https:\/\/inventkft.hu\/kapcsolat\/\",\"url\":\"https:\/\/inventkft.hu\/kapcsolat\/\",\"name\":\"Kapcsolat - INVENT M\u00e9rn\u00f6kiroda Kft.\",\"isPartOf\":{\"@id\":\"https:\/\/inventkft.hu\/#website\"},\"datePublished\":\"2019-04-10T16:52:25+00:00\",\"dateModified\":\"2023-05-13T13:23:07+00:00\",\"breadcrumb\":{\"@id\":\"https:\/\/inventkft.hu\/kapcsolat\/#breadcrumb\"},\"inLanguage\":\"en-GB\",\"potentialAction\":[{\"@type\":\"ReadAction\",\"target\":[\"https:\/\/inventkft.hu\/kapcsolat\/\"]}]},{\"@type\":\"BreadcrumbList\",\"@id\":\"https:\/\/inventkft.hu\/kapcsolat\/#breadcrumb\",\"itemListElement\":[{\"@type\":\"ListItem\",\"position\":1,\"name\":\"Home\",\"item\":\"https:\/\/inventkft.hu\/\"},{\"@type\":\"ListItem\",\"position\":2,\"name\":\"Kapcsolat\"}]},{\"@type\":\"WebSite\",\"@id\":\"https:\/\/inventkft.hu\/#website\",\"url\":\"https:\/\/inventkft.hu\/\",\"name\":\"INVENT M\u00e9rn\u00f6kiroda Kft.\",\"description\":\"\",\"potentialAction\":[{\"@type\":\"SearchAction\",\"target\":{\"@type\":\"EntryPoint\",\"urlTemplate\":\"https:\/\/inventkft.hu\/?s={search_term_string}\"},\"query-input\":{\"@type\":\"PropertyValueSpecification\",\"valueRequired\":true,\"valueName\":\"search_term_string\"}}],\"inLanguage\":\"en-GB\"}]}<\/script>\n<!-- \/ Yoast SEO Premium plugin. -->","yoast_head_json":{"title":"Kapcsolat - INVENT M\u00e9rn\u00f6kiroda Kft.","robots":{"index":"index","follow":"follow","max-snippet":"max-snippet:-1","max-image-preview":"max-image-preview:large","max-video-preview":"max-video-preview:-1"},"canonical":"https:\/\/inventkft.hu\/en\/contact\/","og_locale":"en_GB","og_type":"article","og_title":"Kapcsolat","og_description":"Projektet tervez?Kapcsolat Forduljon hozz\u00e1nk bizalommal. Referenci\u00e1k sz\u00e9les k\u00f6re garancia arra, hogy egy\u00fcttm\u0171k\u00f6d\u00e9s\u00fcnk eredm\u00e9nyesen z\u00e1ruljon.Email invent@inventkft.hu C\u00edm\u00fcnk 1086 Budapest, Csob\u00e1nc utca 11. 6. emelet 3. H\u00edvjon minket +36 1 210 5901","og_url":"https:\/\/inventkft.hu\/en\/contact\/","og_site_name":"INVENT M\u00e9rn\u00f6kiroda Kft.","article_modified_time":"2023-05-13T13:23:07+00:00","twitter_card":"summary_large_image","twitter_misc":{"Estimated reading time":"3 minutes"},"schema":{"@context":"https:\/\/schema.org","@graph":[{"@type":"WebPage","@id":"https:\/\/inventkft.hu\/kapcsolat\/","url":"https:\/\/inventkft.hu\/kapcsolat\/","name":"Kapcsolat - INVENT M\u00e9rn\u00f6kiroda Kft.","isPartOf":{"@id":"https:\/\/inventkft.hu\/#website"},"datePublished":"2019-04-10T16:52:25+00:00","dateModified":"2023-05-13T13:23:07+00:00","breadcrumb":{"@id":"https:\/\/inventkft.hu\/kapcsolat\/#breadcrumb"},"inLanguage":"en-GB","potentialAction":[{"@type":"ReadAction","target":["https:\/\/inventkft.hu\/kapcsolat\/"]}]},{"@type":"BreadcrumbList","@id":"https:\/\/inventkft.hu\/kapcsolat\/#breadcrumb","itemListElement":[{"@type":"ListItem","position":1,"name":"Home","item":"https:\/\/inventkft.hu\/"},{"@type":"ListItem","position":2,"name":"Kapcsolat"}]},{"@type":"WebSite","@id":"https:\/\/inventkft.hu\/#website","url":"https:\/\/inventkft.hu\/","name":"INVENT M\u00e9rn\u00f6kiroda Kft.","description":"","potentialAction":[{"@type":"SearchAction","target":{"@type":"EntryPoint","urlTemplate":"https:\/\/inventkft.hu\/?s={search_term_string}"},"query-input":{"@type":"PropertyValueSpecification","valueRequired":true,"valueName":"search_term_string"}}],"inLanguage":"en-GB"}]}},"_links":{"self":[{"href":"https:\/\/inventkft.hu\/en\/wp-json\/wp\/v2\/pages\/149","targetHints":{"allow":["GET"]}}],"collection":[{"href":"https:\/\/inventkft.hu\/en\/wp-json\/wp\/v2\/pages"}],"about":[{"href":"https:\/\/inventkft.hu\/en\/wp-json\/wp\/v2\/types\/page"}],"author":[{"embeddable":true,"href":"https:\/\/inventkft.hu\/en\/wp-json\/wp\/v2\/users\/1"}],"replies":[{"embeddable":true,"href":"https:\/\/inventkft.hu\/en\/wp-json\/wp\/v2\/comments?post=149"}],"version-history":[{"count":42,"href":"https:\/\/inventkft.hu\/en\/wp-json\/wp\/v2\/pages\/149\/revisions"}],"predecessor-version":[{"id":1640,"href":"https:\/\/inventkft.hu\/en\/wp-json\/wp\/v2\/pages\/149\/revisions\/1640"}],"wp:attachment":[{"href":"https:\/\/inventkft.hu\/en\/wp-json\/wp\/v2\/media?parent=149"}],"curies":[{"name":"wp","href":"https:\/\/api.w.org\/{rel}","templated":true}]}}