{"id":594,"date":"2019-12-12T08:52:11","date_gmt":"2019-12-12T08:52:11","guid":{"rendered":"http:\/\/inventkft.hu\/?page_id=594"},"modified":"2023-04-07T08:29:55","modified_gmt":"2023-04-07T07:29:55","slug":"tanusitvanyok","status":"publish","type":"page","link":"https:\/\/inventkft.hu\/en\/certification\/","title":{"rendered":"Certification"},"content":{"rendered":"<p>[et_pb_section fb_built=&#8221;1&#8243; _builder_version=&#8221;4.16&#8243; background_color=&#8221;#1b1b1b&#8221; custom_padding=&#8221;0|0px|0|0px|false|false&#8221; global_colors_info=&#8221;{}&#8221;][et_pb_row _builder_version=&#8221;4.16&#8243; custom_padding=&#8221;14px|0px|1px|0px|false|false&#8221; global_colors_info=&#8221;{}&#8221;][et_pb_column type=&#8221;4_4&#8243; _builder_version=&#8221;4.16&#8243; custom_padding=&#8221;|||&#8221; global_colors_info=&#8221;{}&#8221; custom_padding__hover=&#8221;|||&#8221;][et_pb_text _builder_version=&#8221;4.20.4&#8243; header_font=&#8221;|700||on|||||&#8221; header_text_align=&#8221;center&#8221; header_text_color=&#8221;#ffffff&#8221; hover_enabled=&#8221;0&#8243; global_colors_info=&#8221;{}&#8221; sticky_enabled=&#8221;0&#8243;]<\/p>\n<h1>Certification<\/h1>\n<p>[\/et_pb_text][\/et_pb_column][\/et_pb_row][\/et_pb_section][et_pb_section fb_built=&#8221;1&#8243; admin_label=&#8221;projects&#8221; _builder_version=&#8221;4.16&#8243; custom_padding=&#8221;0|0px|0|0px|false|false&#8221; global_colors_info=&#8221;{}&#8221;][et_pb_row _builder_version=&#8221;4.16&#8243; global_colors_info=&#8221;{}&#8221;][et_pb_column type=&#8221;4_4&#8243; _builder_version=&#8221;4.16&#8243; global_colors_info=&#8221;{}&#8221;][et_pb_code _builder_version=&#8221;4.16&#8243; global_colors_info=&#8221;{}&#8221;]<a href=\"https:\/\/inventkft.hu\/wp-content\/uploads\/2021\/09\/EN-15085-2-tan-Invent-2021.pdf\" class=\"pdfemb-viewer\" style=\"\" data-width=\"max\" data-height=\"max\" data-toolbar=\"bottom\" data-toolbar-fixed=\"off\">EN-15085-2-tan-Invent-2021<\/a>[\/et_pb_code][et_pb_code _builder_version=&#8221;4.16&#8243; global_colors_info=&#8221;{}&#8221;]<a href=\"https:\/\/inventkft.hu\/en\/szechenyi-2020-tender\/\" style=\"<!-- [et_pb_line_break_holder] -->&#8222;><img decoding=\"async\" alt=\"Sz\u00e9chenyi 2020\" src=\"http:\/\/inventkft.hu\/wp-content\/uploads\/2020\/01\/szechenyi-erfa-2020.png\"><\/a>[\/et_pb_code][\/et_pb_column][\/et_pb_row][\/et_pb_section]<\/p>","protected":false},"excerpt":{"rendered":"<p>Certification<a href=\"https:\/\/inventkft.hu\/wp-content\/uploads\/2021\/09\/EN-15085-2-tan-Invent-2021.pdf\" class=\"pdfemb-viewer\" style=\"\" data-width=\"max\" data-height=\"max\" data-toolbar=\"bottom\" data-toolbar-fixed=\"off\">EN-15085-2-tan-Invent-2021<\/a><\/p>","protected":false},"author":1,"featured_media":0,"parent":0,"menu_order":0,"comment_status":"closed","ping_status":"closed","template":"","meta":{"_et_pb_use_builder":"on","_et_pb_old_content":"","_et_gb_content_width":"","ngg_post_thumbnail":0,"footnotes":""},"class_list":["post-594","page","type-page","status-publish","hentry"],"yoast_head":"<!-- This site is optimized with the Yoast SEO Premium plugin v22.5 (Yoast SEO v24.4) - https:\/\/yoast.com\/wordpress\/plugins\/seo\/ -->\n<title>Tan\u00fas\u00edtv\u00e1nyok - INVENT M\u00e9rn\u00f6kiroda Kft.<\/title>\n<meta name=\"robots\" content=\"index, follow, max-snippet:-1, max-image-preview:large, max-video-preview:-1\" \/>\n<link rel=\"canonical\" href=\"https:\/\/inventkft.hu\/en\/certification\/\" \/>\n<meta property=\"og:locale\" content=\"en_GB\" \/>\n<meta property=\"og:type\" content=\"article\" \/>\n<meta property=\"og:title\" content=\"Tan\u00fas\u00edtv\u00e1nyok\" \/>\n<meta property=\"og:description\" content=\"Tan\u00fas\u00edtv\u00e1nyok\" \/>\n<meta property=\"og:url\" content=\"https:\/\/inventkft.hu\/en\/certification\/\" \/>\n<meta property=\"og:site_name\" content=\"INVENT M\u00e9rn\u00f6kiroda Kft.\" \/>\n<meta property=\"article:modified_time\" content=\"2023-04-07T07:29:55+00:00\" \/>\n<meta property=\"og:image\" content=\"http:\/\/inventkft.hu\/wp-content\/uploads\/2020\/01\/szechenyi-erfa-2020.png\" \/>\n<meta name=\"twitter:card\" content=\"summary_large_image\" \/>\n<meta name=\"twitter:label1\" content=\"Estimated reading time\" \/>\n\t<meta name=\"twitter:data1\" content=\"1 minute\" \/>\n<script type=\"application\/ld+json\" class=\"yoast-schema-graph\">{\"@context\":\"https:\/\/schema.org\",\"@graph\":[{\"@type\":\"WebPage\",\"@id\":\"https:\/\/inventkft.hu\/tanusitvanyok\/\",\"url\":\"https:\/\/inventkft.hu\/tanusitvanyok\/\",\"name\":\"Tan\u00fas\u00edtv\u00e1nyok - INVENT M\u00e9rn\u00f6kiroda Kft.\",\"isPartOf\":{\"@id\":\"https:\/\/inventkft.hu\/#website\"},\"primaryImageOfPage\":{\"@id\":\"https:\/\/inventkft.hu\/tanusitvanyok\/#primaryimage\"},\"image\":{\"@id\":\"https:\/\/inventkft.hu\/tanusitvanyok\/#primaryimage\"},\"thumbnailUrl\":\"http:\/\/inventkft.hu\/wp-content\/uploads\/2020\/01\/szechenyi-erfa-2020.png\",\"datePublished\":\"2019-12-12T08:52:11+00:00\",\"dateModified\":\"2023-04-07T07:29:55+00:00\",\"breadcrumb\":{\"@id\":\"https:\/\/inventkft.hu\/tanusitvanyok\/#breadcrumb\"},\"inLanguage\":\"en-GB\",\"potentialAction\":[{\"@type\":\"ReadAction\",\"target\":[\"https:\/\/inventkft.hu\/tanusitvanyok\/\"]}]},{\"@type\":\"ImageObject\",\"inLanguage\":\"en-GB\",\"@id\":\"https:\/\/inventkft.hu\/tanusitvanyok\/#primaryimage\",\"url\":\"http:\/\/inventkft.hu\/wp-content\/uploads\/2020\/01\/szechenyi-erfa-2020.png\",\"contentUrl\":\"http:\/\/inventkft.hu\/wp-content\/uploads\/2020\/01\/szechenyi-erfa-2020.png\"},{\"@type\":\"BreadcrumbList\",\"@id\":\"https:\/\/inventkft.hu\/tanusitvanyok\/#breadcrumb\",\"itemListElement\":[{\"@type\":\"ListItem\",\"position\":1,\"name\":\"Home\",\"item\":\"https:\/\/inventkft.hu\/\"},{\"@type\":\"ListItem\",\"position\":2,\"name\":\"Tan\u00fas\u00edtv\u00e1nyok\"}]},{\"@type\":\"WebSite\",\"@id\":\"https:\/\/inventkft.hu\/#website\",\"url\":\"https:\/\/inventkft.hu\/\",\"name\":\"INVENT M\u00e9rn\u00f6kiroda Kft.\",\"description\":\"\",\"potentialAction\":[{\"@type\":\"SearchAction\",\"target\":{\"@type\":\"EntryPoint\",\"urlTemplate\":\"https:\/\/inventkft.hu\/?s={search_term_string}\"},\"query-input\":{\"@type\":\"PropertyValueSpecification\",\"valueRequired\":true,\"valueName\":\"search_term_string\"}}],\"inLanguage\":\"en-GB\"}]}<\/script>\n<!-- \/ Yoast SEO Premium plugin. -->","yoast_head_json":{"title":"Tan\u00fas\u00edtv\u00e1nyok - INVENT M\u00e9rn\u00f6kiroda Kft.","robots":{"index":"index","follow":"follow","max-snippet":"max-snippet:-1","max-image-preview":"max-image-preview:large","max-video-preview":"max-video-preview:-1"},"canonical":"https:\/\/inventkft.hu\/en\/certification\/","og_locale":"en_GB","og_type":"article","og_title":"Tan\u00fas\u00edtv\u00e1nyok","og_description":"Tan\u00fas\u00edtv\u00e1nyok","og_url":"https:\/\/inventkft.hu\/en\/certification\/","og_site_name":"INVENT M\u00e9rn\u00f6kiroda Kft.","article_modified_time":"2023-04-07T07:29:55+00:00","og_image":[{"url":"http:\/\/inventkft.hu\/wp-content\/uploads\/2020\/01\/szechenyi-erfa-2020.png","type":"","width":"","height":""}],"twitter_card":"summary_large_image","twitter_misc":{"Estimated reading time":"1 minute"},"schema":{"@context":"https:\/\/schema.org","@graph":[{"@type":"WebPage","@id":"https:\/\/inventkft.hu\/tanusitvanyok\/","url":"https:\/\/inventkft.hu\/tanusitvanyok\/","name":"Tan\u00fas\u00edtv\u00e1nyok - INVENT M\u00e9rn\u00f6kiroda Kft.","isPartOf":{"@id":"https:\/\/inventkft.hu\/#website"},"primaryImageOfPage":{"@id":"https:\/\/inventkft.hu\/tanusitvanyok\/#primaryimage"},"image":{"@id":"https:\/\/inventkft.hu\/tanusitvanyok\/#primaryimage"},"thumbnailUrl":"http:\/\/inventkft.hu\/wp-content\/uploads\/2020\/01\/szechenyi-erfa-2020.png","datePublished":"2019-12-12T08:52:11+00:00","dateModified":"2023-04-07T07:29:55+00:00","breadcrumb":{"@id":"https:\/\/inventkft.hu\/tanusitvanyok\/#breadcrumb"},"inLanguage":"en-GB","potentialAction":[{"@type":"ReadAction","target":["https:\/\/inventkft.hu\/tanusitvanyok\/"]}]},{"@type":"ImageObject","inLanguage":"en-GB","@id":"https:\/\/inventkft.hu\/tanusitvanyok\/#primaryimage","url":"http:\/\/inventkft.hu\/wp-content\/uploads\/2020\/01\/szechenyi-erfa-2020.png","contentUrl":"http:\/\/inventkft.hu\/wp-content\/uploads\/2020\/01\/szechenyi-erfa-2020.png"},{"@type":"BreadcrumbList","@id":"https:\/\/inventkft.hu\/tanusitvanyok\/#breadcrumb","itemListElement":[{"@type":"ListItem","position":1,"name":"Home","item":"https:\/\/inventkft.hu\/"},{"@type":"ListItem","position":2,"name":"Tan\u00fas\u00edtv\u00e1nyok"}]},{"@type":"WebSite","@id":"https:\/\/inventkft.hu\/#website","url":"https:\/\/inventkft.hu\/","name":"INVENT M\u00e9rn\u00f6kiroda Kft.","description":"","potentialAction":[{"@type":"SearchAction","target":{"@type":"EntryPoint","urlTemplate":"https:\/\/inventkft.hu\/?s={search_term_string}"},"query-input":{"@type":"PropertyValueSpecification","valueRequired":true,"valueName":"search_term_string"}}],"inLanguage":"en-GB"}]}},"_links":{"self":[{"href":"https:\/\/inventkft.hu\/en\/wp-json\/wp\/v2\/pages\/594","targetHints":{"allow":["GET"]}}],"collection":[{"href":"https:\/\/inventkft.hu\/en\/wp-json\/wp\/v2\/pages"}],"about":[{"href":"https:\/\/inventkft.hu\/en\/wp-json\/wp\/v2\/types\/page"}],"author":[{"embeddable":true,"href":"https:\/\/inventkft.hu\/en\/wp-json\/wp\/v2\/users\/1"}],"replies":[{"embeddable":true,"href":"https:\/\/inventkft.hu\/en\/wp-json\/wp\/v2\/comments?post=594"}],"version-history":[{"count":9,"href":"https:\/\/inventkft.hu\/en\/wp-json\/wp\/v2\/pages\/594\/revisions"}],"predecessor-version":[{"id":1537,"href":"https:\/\/inventkft.hu\/en\/wp-json\/wp\/v2\/pages\/594\/revisions\/1537"}],"wp:attachment":[{"href":"https:\/\/inventkft.hu\/en\/wp-json\/wp\/v2\/media?parent=594"}],"curies":[{"name":"wp","href":"https:\/\/api.w.org\/{rel}","templated":true}]}}