{"id":598,"date":"2019-12-12T08:52:43","date_gmt":"2019-12-12T08:52:43","guid":{"rendered":"http:\/\/inventkft.hu\/?page_id=598"},"modified":"2023-05-13T14:22:55","modified_gmt":"2023-05-13T13:22:55","slug":"karrier","status":"publish","type":"page","link":"https:\/\/inventkft.hu\/en\/career\/","title":{"rendered":"Career"},"content":{"rendered":"<p>[et_pb_section fb_built=&#8221;1&#8243; admin_label=&#8221;Hero Section&#8221; _builder_version=&#8221;4.16&#8243; custom_padding=&#8221;0|0px|0px|0px&#8221; global_colors_info=&#8221;{}&#8221;][et_pb_row column_structure=&#8221;1_2,1_2&#8243; use_custom_gutter=&#8221;on&#8221; make_equal=&#8221;on&#8221; _builder_version=&#8221;4.16&#8243; width=&#8221;100%&#8221; max_width=&#8221;100%&#8221; custom_padding=&#8221;0px|0|0px|&#8221; use_custom_width=&#8221;on&#8221; width_unit=&#8221;off&#8221; custom_width_percent=&#8221;100%&#8221; global_colors_info=&#8221;{}&#8221;][et_pb_column type=&#8221;1_2&#8243; _builder_version=&#8221;4.16&#8243; custom_padding=&#8221;130px|4%|170px|8%&#8221; custom_padding_tablet=&#8221;60px|10%|60px|10%&#8221; custom_padding_phone=&#8221;&#8221; custom_padding_last_edited=&#8221;on|desktop&#8221; global_colors_info=&#8221;{}&#8221; custom_padding__hover=&#8221;|||&#8221;][et_pb_text _builder_version=&#8221;4.20.4&#8243; text_font=&#8221;||||||||&#8221; header_font=&#8221;||||||||&#8221; header_3_font=&#8221;|700||on|||||&#8221; header_3_text_color=&#8221;#c2ab92&#8243; header_3_font_size=&#8221;16px&#8221; header_3_letter_spacing=&#8221;1px&#8221; background_layout=&#8221;dark&#8221; max_width=&#8221;600px&#8221; module_alignment=&#8221;left&#8221; custom_margin=&#8221;||20px|&#8221; locked=&#8221;off&#8221; global_colors_info=&#8221;{}&#8221;]<\/p>\n<h3><span style=\"color: #3B83BD;\">JOIN OUR TEAM<\/span><\/h3>\n<p>[\/et_pb_text][et_pb_text _builder_version=&#8221;4.20.4&#8243; text_font=&#8221;||||||||&#8221; text_font_size=&#8221;18px&#8221; text_line_height=&#8221;1.8em&#8221; header_font=&#8221;||||||||&#8221; header_font_size=&#8221;56px&#8221; header_line_height=&#8221;1.4em&#8221; header_2_font=&#8221;||||||||&#8221; header_3_font=&#8221;||||||||&#8221; max_width=&#8221;600px&#8221; header_font_size_tablet=&#8221;40px&#8221; header_font_size_phone=&#8221;&#8221; header_font_size_last_edited=&#8221;on|tablet&#8221; locked=&#8221;off&#8221; inline_fonts=&#8221;ABeeZee&#8221; global_colors_info=&#8221;{}&#8221;]<\/p>\n<h1><span style=\"font-family: inherit;\"><span style=\"color: #000000;\">Career<\/span><\/span><\/h1>\n<p>Right now there is no open positions available.<\/p>\n<p>[\/et_pb_text][et_pb_button button_url=&#8221;#kapcsolat&#8221; button_text=&#8221;kapcsolat&#8221; _builder_version=&#8221;4.20.4&#8243; custom_button=&#8221;on&#8221; button_text_size=&#8221;13px&#8221; button_text_color=&#8221;#ffffff&#8221; button_bg_color=&#8221;#3b83bd&#8221; button_border_width=&#8221;2px&#8221; button_border_color=&#8221;#3b83bd&#8221; button_border_radius=&#8221;20px&#8221; button_letter_spacing=&#8221;3px&#8221; button_font=&#8221;|700||on|||||&#8221; background_layout=&#8221;dark&#8221; custom_padding=&#8221;10px||10px|&#8221; hover_enabled=&#8221;0&#8243; button_letter_spacing_hover=&#8221;2px&#8221; locked=&#8221;off&#8221; global_colors_info=&#8221;{}&#8221; button_text_size__hover_enabled=&#8221;on|hover&#8221; button_one_text_size__hover_enabled=&#8221;off&#8221; button_two_text_size__hover_enabled=&#8221;off&#8221; button_text_color__hover_enabled=&#8221;off&#8221; button_one_text_color__hover_enabled=&#8221;off&#8221; button_two_text_color__hover_enabled=&#8221;off&#8221; button_border_width__hover_enabled=&#8221;off&#8221; button_one_border_width__hover_enabled=&#8221;off&#8221; button_two_border_width__hover_enabled=&#8221;off&#8221; button_border_color__hover_enabled=&#8221;off&#8221; button_one_border_color__hover_enabled=&#8221;off&#8221; button_two_border_color__hover_enabled=&#8221;off&#8221; button_border_radius__hover_enabled=&#8221;off&#8221; button_one_border_radius__hover_enabled=&#8221;off&#8221; button_two_border_radius__hover_enabled=&#8221;off&#8221; button_letter_spacing__hover_enabled=&#8221;on&#8221; button_letter_spacing__hover=&#8221;3px&#8221; button_one_letter_spacing__hover_enabled=&#8221;off&#8221; button_two_letter_spacing__hover_enabled=&#8221;off&#8221; button_bg_color__hover_enabled=&#8221;off&#8221; button_one_bg_color__hover_enabled=&#8221;off&#8221; button_two_bg_color__hover_enabled=&#8221;off&#8221; button_text_size__hover=&#8221;13px&#8221; sticky_enabled=&#8221;0&#8243;][\/et_pb_button][\/et_pb_column][et_pb_column type=&#8221;1_2&#8243; _builder_version=&#8221;4.16&#8243; background_color=&#8221;#121212&#8243; use_background_color_gradient=&#8221;on&#8221; background_color_gradient_stops=&#8221;rgba(18,18,18,0.5) 0%|#121212 100%&#8221; background_color_gradient_overlays_image=&#8221;on&#8221; background_color_gradient_start=&#8221;rgba(18,18,18,0.5)&#8221; background_color_gradient_end=&#8221;#121212&#8243; background_image=&#8221;https:\/\/inventkft.hu\/wp-content\/uploads\/2019\/05\/iroda_f\u0151oldal.jpg&#8221; custom_padding=&#8221;100px||100px|&#8221; custom_padding_tablet=&#8221;60px||60px|&#8221; custom_padding_phone=&#8221;&#8221; custom_padding_last_edited=&#8221;on|desktop&#8221; global_colors_info=&#8221;{}&#8221; custom_padding__hover=&#8221;|||&#8221;][et_pb_image src=&#8221;https:\/\/inventkft.hu\/wp-content\/uploads\/2019\/05\/iroda_f\u0151oldal.jpg&#8221; align_tablet=&#8221;center&#8221; align_phone=&#8221;&#8221; align_last_edited=&#8221;on|desktop&#8221; _builder_version=&#8221;4.16&#8243; max_width=&#8221;600px&#8221; max_width_tablet=&#8221;&#8221; max_width_phone=&#8221;&#8221; max_width_last_edited=&#8221;on|desktop&#8221; custom_margin=&#8221;|||-8%&#8221; custom_margin_tablet=&#8221;60px|60px|60px|60px&#8221; custom_margin_phone=&#8221;&#8221; custom_margin_last_edited=&#8221;on|desktop&#8221; custom_padding=&#8221;|||&#8221; animation_style=&#8221;slide&#8221; animation_direction=&#8221;right&#8221; animation_intensity_slide=&#8221;4%&#8221; animation_starting_opacity=&#8221;50%&#8221; box_shadow_style=&#8221;preset3&#8243; box_shadow_blur=&#8221;80px&#8221; global_colors_info=&#8221;{}&#8221;][\/et_pb_image][\/et_pb_column][\/et_pb_row][\/et_pb_section]<\/p>","protected":false},"excerpt":{"rendered":"<p>Csatlakozzon csapatunkhozKarrier Jelenleg nincs ny\u00edlt poz\u00edci\u00f3.<\/p>","protected":false},"author":1,"featured_media":0,"parent":0,"menu_order":0,"comment_status":"closed","ping_status":"closed","template":"","meta":{"_et_pb_use_builder":"on","_et_pb_old_content":"","_et_gb_content_width":"","ngg_post_thumbnail":0,"footnotes":""},"class_list":["post-598","page","type-page","status-publish","hentry"],"yoast_head":"<!-- This site is optimized with the Yoast SEO Premium plugin v22.5 (Yoast SEO v24.4) - https:\/\/yoast.com\/wordpress\/plugins\/seo\/ -->\n<title>Karrier - INVENT M\u00e9rn\u00f6kiroda Kft.<\/title>\n<meta name=\"robots\" content=\"index, follow, max-snippet:-1, max-image-preview:large, max-video-preview:-1\" \/>\n<link rel=\"canonical\" href=\"https:\/\/inventkft.hu\/en\/career\/\" \/>\n<meta property=\"og:locale\" content=\"en_GB\" \/>\n<meta property=\"og:type\" content=\"article\" \/>\n<meta property=\"og:title\" content=\"Karrier\" \/>\n<meta property=\"og:description\" content=\"Csatlakozzon csapatunkhozKarrier Jelenleg nincs ny\u00edlt poz\u00edci\u00f3.\" \/>\n<meta property=\"og:url\" content=\"https:\/\/inventkft.hu\/en\/career\/\" \/>\n<meta property=\"og:site_name\" content=\"INVENT M\u00e9rn\u00f6kiroda Kft.\" \/>\n<meta property=\"article:modified_time\" content=\"2023-05-13T13:22:55+00:00\" \/>\n<meta name=\"twitter:card\" content=\"summary_large_image\" \/>\n<meta name=\"twitter:label1\" content=\"Estimated reading time\" \/>\n\t<meta name=\"twitter:data1\" content=\"3 minutes\" \/>\n<script type=\"application\/ld+json\" class=\"yoast-schema-graph\">{\"@context\":\"https:\/\/schema.org\",\"@graph\":[{\"@type\":\"WebPage\",\"@id\":\"https:\/\/inventkft.hu\/karrier\/\",\"url\":\"https:\/\/inventkft.hu\/karrier\/\",\"name\":\"Karrier - INVENT M\u00e9rn\u00f6kiroda Kft.\",\"isPartOf\":{\"@id\":\"https:\/\/inventkft.hu\/#website\"},\"datePublished\":\"2019-12-12T08:52:43+00:00\",\"dateModified\":\"2023-05-13T13:22:55+00:00\",\"breadcrumb\":{\"@id\":\"https:\/\/inventkft.hu\/karrier\/#breadcrumb\"},\"inLanguage\":\"en-GB\",\"potentialAction\":[{\"@type\":\"ReadAction\",\"target\":[\"https:\/\/inventkft.hu\/karrier\/\"]}]},{\"@type\":\"BreadcrumbList\",\"@id\":\"https:\/\/inventkft.hu\/karrier\/#breadcrumb\",\"itemListElement\":[{\"@type\":\"ListItem\",\"position\":1,\"name\":\"Home\",\"item\":\"https:\/\/inventkft.hu\/\"},{\"@type\":\"ListItem\",\"position\":2,\"name\":\"Karrier\"}]},{\"@type\":\"WebSite\",\"@id\":\"https:\/\/inventkft.hu\/#website\",\"url\":\"https:\/\/inventkft.hu\/\",\"name\":\"INVENT M\u00e9rn\u00f6kiroda Kft.\",\"description\":\"\",\"potentialAction\":[{\"@type\":\"SearchAction\",\"target\":{\"@type\":\"EntryPoint\",\"urlTemplate\":\"https:\/\/inventkft.hu\/?s={search_term_string}\"},\"query-input\":{\"@type\":\"PropertyValueSpecification\",\"valueRequired\":true,\"valueName\":\"search_term_string\"}}],\"inLanguage\":\"en-GB\"}]}<\/script>\n<!-- \/ Yoast SEO Premium plugin. -->","yoast_head_json":{"title":"Karrier - INVENT M\u00e9rn\u00f6kiroda Kft.","robots":{"index":"index","follow":"follow","max-snippet":"max-snippet:-1","max-image-preview":"max-image-preview:large","max-video-preview":"max-video-preview:-1"},"canonical":"https:\/\/inventkft.hu\/en\/career\/","og_locale":"en_GB","og_type":"article","og_title":"Karrier","og_description":"Csatlakozzon csapatunkhozKarrier Jelenleg nincs ny\u00edlt poz\u00edci\u00f3.","og_url":"https:\/\/inventkft.hu\/en\/career\/","og_site_name":"INVENT M\u00e9rn\u00f6kiroda Kft.","article_modified_time":"2023-05-13T13:22:55+00:00","twitter_card":"summary_large_image","twitter_misc":{"Estimated reading time":"3 minutes"},"schema":{"@context":"https:\/\/schema.org","@graph":[{"@type":"WebPage","@id":"https:\/\/inventkft.hu\/karrier\/","url":"https:\/\/inventkft.hu\/karrier\/","name":"Karrier - INVENT M\u00e9rn\u00f6kiroda Kft.","isPartOf":{"@id":"https:\/\/inventkft.hu\/#website"},"datePublished":"2019-12-12T08:52:43+00:00","dateModified":"2023-05-13T13:22:55+00:00","breadcrumb":{"@id":"https:\/\/inventkft.hu\/karrier\/#breadcrumb"},"inLanguage":"en-GB","potentialAction":[{"@type":"ReadAction","target":["https:\/\/inventkft.hu\/karrier\/"]}]},{"@type":"BreadcrumbList","@id":"https:\/\/inventkft.hu\/karrier\/#breadcrumb","itemListElement":[{"@type":"ListItem","position":1,"name":"Home","item":"https:\/\/inventkft.hu\/"},{"@type":"ListItem","position":2,"name":"Karrier"}]},{"@type":"WebSite","@id":"https:\/\/inventkft.hu\/#website","url":"https:\/\/inventkft.hu\/","name":"INVENT M\u00e9rn\u00f6kiroda Kft.","description":"","potentialAction":[{"@type":"SearchAction","target":{"@type":"EntryPoint","urlTemplate":"https:\/\/inventkft.hu\/?s={search_term_string}"},"query-input":{"@type":"PropertyValueSpecification","valueRequired":true,"valueName":"search_term_string"}}],"inLanguage":"en-GB"}]}},"_links":{"self":[{"href":"https:\/\/inventkft.hu\/en\/wp-json\/wp\/v2\/pages\/598","targetHints":{"allow":["GET"]}}],"collection":[{"href":"https:\/\/inventkft.hu\/en\/wp-json\/wp\/v2\/pages"}],"about":[{"href":"https:\/\/inventkft.hu\/en\/wp-json\/wp\/v2\/types\/page"}],"author":[{"embeddable":true,"href":"https:\/\/inventkft.hu\/en\/wp-json\/wp\/v2\/users\/1"}],"replies":[{"embeddable":true,"href":"https:\/\/inventkft.hu\/en\/wp-json\/wp\/v2\/comments?post=598"}],"version-history":[{"count":18,"href":"https:\/\/inventkft.hu\/en\/wp-json\/wp\/v2\/pages\/598\/revisions"}],"predecessor-version":[{"id":1639,"href":"https:\/\/inventkft.hu\/en\/wp-json\/wp\/v2\/pages\/598\/revisions\/1639"}],"wp:attachment":[{"href":"https:\/\/inventkft.hu\/en\/wp-json\/wp\/v2\/media?parent=598"}],"curies":[{"name":"wp","href":"https:\/\/api.w.org\/{rel}","templated":true}]}}