{"id":606,"date":"2019-12-12T09:54:54","date_gmt":"2019-12-12T09:54:54","guid":{"rendered":"http:\/\/inventkft.hu\/?page_id=606"},"modified":"2023-04-07T08:26:13","modified_gmt":"2023-04-07T07:26:13","slug":"szechenyi-2020-palyazat","status":"publish","type":"page","link":"https:\/\/inventkft.hu\/en\/szechenyi-2020-tender\/","title":{"rendered":"Sz\u00e9chenyi 2020 tender"},"content":{"rendered":"<p>[et_pb_section fb_built=&#8221;1&#8243; _builder_version=&#8221;4.16&#8243; background_color=&#8221;#1b1b1b&#8221; custom_padding=&#8221;0|0px|0|0px|false|false&#8221; global_colors_info=&#8221;{}&#8221;][et_pb_row _builder_version=&#8221;4.16&#8243; custom_padding=&#8221;14px|0px|1px|0px|false|false&#8221; global_colors_info=&#8221;{}&#8221;][et_pb_column type=&#8221;4_4&#8243; _builder_version=&#8221;4.16&#8243; custom_padding=&#8221;|||&#8221; global_colors_info=&#8221;{}&#8221; custom_padding__hover=&#8221;|||&#8221;][et_pb_text _builder_version=&#8221;4.20.4&#8243; header_font=&#8221;|700||on|||||&#8221; header_text_align=&#8221;center&#8221; header_text_color=&#8221;#ffffff&#8221; hover_enabled=&#8221;0&#8243; global_colors_info=&#8221;{}&#8221; sticky_enabled=&#8221;0&#8243;]<\/p>\n<h1>Sz\u00e9chenyi 2020 tender<\/h1>\n<p>[\/et_pb_text][\/et_pb_column][\/et_pb_row][\/et_pb_section][et_pb_section fb_built=&#8221;1&#8243; admin_label=&#8221;projects&#8221; _builder_version=&#8221;4.16&#8243; custom_padding=&#8221;0|0px|0|0px|false|false&#8221; global_colors_info=&#8221;{}&#8221;][et_pb_row column_structure=&#8221;1_3,2_3&#8243; module_id=&#8221;szechenyi2020&#8243; _builder_version=&#8221;4.16&#8243; custom_padding=&#8221;27px|0px|0|0px|false|false&#8221; global_colors_info=&#8221;{}&#8221;][et_pb_column type=&#8221;1_3&#8243; _builder_version=&#8221;4.16&#8243; custom_padding=&#8221;|||&#8221; global_colors_info=&#8221;{}&#8221; custom_padding__hover=&#8221;|||&#8221;][et_pb_image src=&#8221;http:\/\/inventkft.hu\/wp-content\/uploads\/2020\/01\/szechenyi-erfa-2020_v2.png&#8221; align_tablet=&#8221;center&#8221; align_phone=&#8221;&#8221; align_last_edited=&#8221;on|desktop&#8221; _builder_version=&#8221;4.16&#8243; custom_padding=&#8221;75px||||false|false&#8221; global_colors_info=&#8221;{}&#8221;][\/et_pb_image][\/et_pb_column][et_pb_column type=&#8221;2_3&#8243; _builder_version=&#8221;4.16&#8243; custom_padding=&#8221;|||&#8221; global_colors_info=&#8221;{}&#8221; custom_padding__hover=&#8221;|||&#8221;][et_pb_text _builder_version=&#8221;4.20.4&#8243; header_font=&#8221;||||||||&#8221; custom_margin=&#8221;120px||&#8221; hover_enabled=&#8221;0&#8243; inline_fonts=&#8221;Arial&#8221; global_colors_info=&#8221;{}&#8221; border_radii__hover_enabled=&#8221;on&#8221; sticky_enabled=&#8221;0&#8243;]<\/p>\n<p style=\"font-size: 20px;\" class=\"translation-block\">Thanks to the Government of Hungary and the European Union for the subsidy<\/p>\n<p>[\/et_pb_text][et_pb_text _builder_version=&#8221;4.16&#8243; inline_fonts=&#8221;Arial&#8221; global_colors_info=&#8221;{}&#8221;]<\/p>\n<p style=\"font-size: 24px;\"><span style=\"font-family: Arial; font-weight: normal;\">INVENT Engineering Office Ltd.<\/span><\/p>\n<p>[\/et_pb_text][et_pb_text _builder_version=&#8221;4.20.4&#8243; hover_enabled=&#8221;0&#8243; inline_fonts=&#8221;Arial&#8221; global_colors_info=&#8221;{}&#8221; sticky_enabled=&#8221;0&#8243;]<\/p>\n<p style=\"font-size: 36px;\"><span style=\"font-family: Arial; font-weight: normal; font-size: xx-large;\"><strong>Development of a Universal Motorized Bogie to help the development of the narrow-gauge railways<\/strong><\/span><\/p>\n<p>[\/et_pb_text][et_pb_text _builder_version=&#8221;4.16&#8243; inline_fonts=&#8221;Arial&#8221; global_colors_info=&#8221;{}&#8221;]<\/p>\n<p style=\"font-size: 24px;\"><span style=\"font-family: Arial;\">Amount of the subsidy:<\/span><\/p>\n<p>[\/et_pb_text][et_pb_text _builder_version=&#8221;4.16&#8243; inline_fonts=&#8221;Arial&#8221; global_colors_info=&#8221;{}&#8221;]<\/p>\n<p style=\"font-size: 36px;\"><span style=\"font-family: Arial; font-weight: normal; color: #244bae;\"><strong>49,787 Million HUF<\/strong><\/span><\/p>\n<p>[\/et_pb_text][et_pb_text _builder_version=&#8221;4.16&#8243; inline_fonts=&#8221;Arial&#8221; global_colors_info=&#8221;{}&#8221;]<\/p>\n<p><span style=\"font-family: Arial; color: #404040;\">GINOP-2.1.7-15 \u2013 2016-00424 tender<\/span><\/p>\n<p><span style=\"font-family: Arial; color: #404040;\">Magnitude of the subsidy in percentage: 61,03%<br \/>The real closure date of the project: 2019.02.28.\u00a0<\/span><\/p>\n<p>[\/et_pb_text][et_pb_text _builder_version=&#8221;4.16&#8243; inline_fonts=&#8221;Arial&#8221; global_colors_info=&#8221;{}&#8221;][\/et_pb_text][\/et_pb_column][\/et_pb_row][et_pb_row _builder_version=&#8221;4.16&#8243; global_colors_info=&#8221;{}&#8221;][et_pb_column type=&#8221;4_4&#8243; _builder_version=&#8221;4.16&#8243; global_colors_info=&#8221;{}&#8221;][et_pb_code _builder_version=&#8221;4.20.4&#8243; hover_enabled=&#8221;0&#8243; global_colors_info=&#8221;{}&#8221; sticky_enabled=&#8221;0&#8243;]<div class=\"rtbs  rtbs_szechenyi-2020\"><div class=\"rtbs_slug\" style=\"display:none\">szechenyi-2020<\/div><div class=\"rtbs_inactive_tab_background\" style=\"display:none\">transparent<\/div><div class=\"rtbs_breakpoint\" style=\"display:none\">600<\/div><div class=\"rtbs_color\" style=\"display:none\">#244bae<\/div>\r\n        <div class=\"rtbs_menu\">\r\n            <ul>\r\n                <li class=\"mobile_toggle\">&zwnj;<\/li><li class=\"current\"><a style=\"background:#244bae\" class=\"active szechenyi-2020-tab-link-0\" href=\"#\" data-tab=\"#szechenyi-2020-tab-0\">The product<\/a><\/li><li><a href=\"#\" data-tab=\"#szechenyi-2020-tab-1\" class=\"szechenyi-2020-tab-link-1\">Photo gallery<\/a><\/li><li><a href=\"#\" data-tab=\"#szechenyi-2020-tab-2\" class=\"szechenyi-2020-tab-link-2\">Press news<\/a><\/li>\r\n            <\/ul>\r\n        <\/div><div style=\"border-top:7px solid #244bae;\" id=\"szechenyi-2020-tab-0\" class=\"rtbs_content active\"><p>Realizing the lack of a modern narrow-gauge bogie INVENT Engineering Office Ltd. tendered and won a tender, with the tender no. GINOP-2.1.7-15-2016-00424 to design, develop and to produce the prototype of a narrow-gauge motorized bogie.<\/p>\n<p>\u00a0<\/p>\n<p>What could be the criteria to a modern (universal) narrow-gauge bogie?<\/p>\n<ul>\n<li>The main criteria for a bogie is its \u201coff-road skill\u201d, to be able to adapt to railway tracks with bad condition. It has to guarantee the proper safety of running whether it is a good or a bad conditioned railway track.<\/li>\n<li>Another criteria, that connects to the previous one is the design to avoid further damage of the railway track, the two-staged spring assembly.<\/li>\n<li>Low mass, and within the minimum unsprung mass.<\/li>\n<li>Low maintenance requirement.<\/li>\n<li>High passenger comfort even in bad railway tracks.<\/li>\n<li>Environmentally friendly design, low sound pollution, closed lubricant spaces with improved sealing.<\/li>\n<li>Make sure that the most parts of the motorized bogie can be used for a running bogie. (universal)<\/li>\n<\/ul>\n<p><strong>Main dimensions and parts of the Universal Motorised Bogie<\/strong><\/p>\n<ul>\n<li>Gauge: 760 mm<\/li>\n<li>Wheel diameter: 600 mm<\/li>\n<li>Wheel-base (Axle distance): 1700 mm<\/li>\n<li>Axle-load: 5-6 t<\/li>\n<li>Nominal speed: 20-60 km\/h<\/li>\n<\/ul>\n<p><u>Bogie frame:<\/u><\/p>\n<p>The bogie frame is a \u201cH\u201d shaped box-girder consists of welded steel sheets creating the rigid frame of the bogie. The axle bearing houses, the primary and the secondary springs, the side-bearers, the draw-gear and the brake set connects to the bogie frame. Thus the bogie frame conveys the longitudinal-, the horizontal- and perpendicular forces between the wheel-set and the body-frame.<\/p>\n<p>\u00a0<\/p>\n<p><u>Wheel-set:<\/u><\/p>\n<p>The wheel-set is produced in a traditional way. It is a press-fitted separate tyre. The axle is guided with spherical roller bearings, which can withstand the dynamic effects of the bad conditioned railway tracks. They have long service life and they does not need frequent maintenance. The bearing houses connect to the bogie frame via silent blocks. This design ensures the good \u201coff-road skill\u201d that means the wheel will not lose the contact with the track even when there is a major defect in the track. Thus the design improves the safety of running.<\/p>\n<p>\u00a0<\/p>\n<p><u>Axle-drive:<\/u><\/p>\n<p>The axle-drive, mounted on to the axle conveys the traction power from the electric traction engine through a cardan shaft, to the axle. Running in electric break mode the traction power flow is reversed. The mass of the drive is reduced to minimal to ensure the minimum unsprung mass. The modern, double sealing system minimize the lubricant leakage opportunity, preventing the contact between the lubricant and the environment. The geometric design of the axle-drive gears keeps the sound pollution of the drive on a low level.<\/p>\n<p>\u00a0<\/p>\n<p><u>Primary springs:<\/u><\/p>\n<p>The primary springs are spiral, steel springs mounted between the bogie frame and the axle bearing houses. Designing the springs allows the regulation of the rotation of the axle bearing houses ie the \u201coff-road skill\u201d.<\/p>\n<p>\u00a0<\/p>\n<p><u>Secondary springs:<\/u><\/p>\n<p>The weight of the body of the coach is conveyed to the bogie frame by two rubber-steel sheet spring. This secondary spring ensures that the bogie can rotate compared to the body frame in a curved track and after the curve has ended it ensures that the bogie returns its original position. The benefit of this design compared to the traditional side-bearer is this solution does not need lubricant nor maintenance. Beside it is environmentally friendly it has quite good vibe and noise absorption, that highly improve the passenger comfort.<\/p>\n<p>\u00a0<\/p>\n<p><u>Draw-gear:<\/u><\/p>\n<p>The draw-gear conveys the longitudinal forces (traction force, breaking force) between the bogie and the body frame. The draw-gear is \u201cZ\u201d shaped, which consist of a bogie-bolster, perpendicular to the working direction, and two draw-bar parallel with the working direction. The draw-gear is rigid in longitudinal way, however it ensures the rotation of the bogie and a slight horizontal movement of it. The benefit of the \u201cZ\u201d shaped design is this design does not convey minor track defects from the bogie to the body frame, thus it improves the passenger comfort. Further advantage of the \u201cZ\u201d shaped design is this allows a smooth transition to the body frame from a straight track to a curved track, improving the passenger comfort even further.<\/p>\n<p>\u00a0<\/p>\n<p><u>Brake set:<\/u><\/p>\n<p>The brake set is traditional, it has got brake-block and brake-rigging. The wheels are braked one side, from the center of the bogie. Thanks to the braking mode of the electric drive the block-brake will be used practically only as fixing brake. Using this method the block-brake lifespan will be multiplied compared to the traditional block-brake braking method.<\/p>\n<div style=\"margin-top:30px; clear:both;\"><\/div><\/div><div style=\"border-top:7px solid #244bae;\" id=\"szechenyi-2020-tab-1\" class=\"rtbs_content\"><p>ngg_shortcode_0_placeholder<\/p>\n<div style=\"margin-top:30px; clear:both;\"><\/div><\/div><div style=\"border-top:7px solid #244bae;\" id=\"szechenyi-2020-tab-2\" class=\"rtbs_content\"><p style=\"text-align: center\"><a href=\"https:\/\/inventkft.hu\/wp-content\/uploads\/2020\/01\/Innot\u00e9ka-cikk.pdf\" class=\"pdfemb-viewer\" style=\"\" data-width=\"max\" data-height=\"max\" data-toolbar=\"bottom\" data-toolbar-fixed=\"off\">Innot\u00e9ka-cikk<\/a><br \/><a href=\"https:\/\/inventkft.hu\/wp-content\/uploads\/2020\/01\/Innorail-cikk.pdf\" class=\"pdfemb-viewer\" style=\"\" data-width=\"max\" data-height=\"max\" data-toolbar=\"bottom\" data-toolbar-fixed=\"off\">Innorail-cikk<\/a><br \/><a href=\"https:\/\/inventkft.hu\/wp-content\/uploads\/2020\/01\/UHFV_VAS\u00daTG\u00c9P\u00c9SZET-\u00fajs\u00e1gcikk.pdf\" class=\"pdfemb-viewer\" style=\"\" data-width=\"max\" data-height=\"max\" data-toolbar=\"bottom\" data-toolbar-fixed=\"off\">UHFV_VAS\u00daTG\u00c9P\u00c9SZET-\u00fajs\u00e1gcikk<\/a><\/p>\n<div style=\"margin-top:30px; clear:both;\"><\/div><\/div>\r\n    <\/div>\r\n    [\/et_pb_code][\/et_pb_column][\/et_pb_row][\/et_pb_section]<\/p>","protected":false},"excerpt":{"rendered":"<p>[et_pb_section fb_built=&#8221;1&#8243; _builder_version=&#8221;4.16&#8243; background_color=&#8221;#1b1b1b&#8221; custom_padding=&#8221;0|0px|0|0px|false|false&#8221; global_colors_info=&#8221;{}&#8221;][et_pb_row _builder_version=&#8221;4.16&#8243; custom_padding=&#8221;14px|0px|1px|0px|false|false&#8221; global_colors_info=&#8221;{}&#8221;][et_pb_column type=&#8221;4_4&#8243; _builder_version=&#8221;4.16&#8243; custom_padding=&#8221;|||&#8221; global_colors_info=&#8221;{}&#8221; custom_padding__hover=&#8221;|||&#8221;][et_pb_text _builder_version=&#8221;4.20.4&#8243; header_font=&#8221;|700||on|||||&#8221; header_text_align=&#8221;center&#8221; header_text_color=&#8221;#ffffff&#8221; hover_enabled=&#8221;0&#8243; global_colors_info=&#8221;{}&#8221; sticky_enabled=&#8221;0&#8243;] Sz\u00e9chenyi 2020 p\u00e1ly\u00e1zat [\/et_pb_text][\/et_pb_column][\/et_pb_row][\/et_pb_section][et_pb_section fb_built=&#8221;1&#8243; admin_label=&#8221;projects&#8221; _builder_version=&#8221;4.16&#8243; custom_padding=&#8221;0|0px|0|0px|false|false&#8221; global_colors_info=&#8221;{}&#8221;][et_pb_row column_structure=&#8221;1_3,2_3&#8243; module_id=&#8221;szechenyi2020&#8243; _builder_version=&#8221;4.16&#8243; custom_padding=&#8221;27px|0px|0|0px|false|false&#8221; global_colors_info=&#8221;{}&#8221;][et_pb_column type=&#8221;1_3&#8243; _builder_version=&#8221;4.16&#8243; custom_padding=&#8221;|||&#8221; global_colors_info=&#8221;{}&#8221; custom_padding__hover=&#8221;|||&#8221;][et_pb_image src=&#8221;http:\/\/inventkft.hu\/wp-content\/uploads\/2020\/01\/szechenyi-erfa-2020_v2.png&#8221; align_tablet=&#8221;center&#8221; align_phone=&#8221;&#8221; align_last_edited=&#8221;on|desktop&#8221; _builder_version=&#8221;4.16&#8243; custom_padding=&#8221;75px||||false|false&#8221; global_colors_info=&#8221;{}&#8221;][\/et_pb_image][\/et_pb_column][et_pb_column type=&#8221;2_3&#8243; _builder_version=&#8221;4.16&#8243; custom_padding=&#8221;|||&#8221; global_colors_info=&#8221;{}&#8221; custom_padding__hover=&#8221;|||&#8221;][et_pb_text _builder_version=&#8221;4.20.4&#8243; header_font=&#8221;||||||||&#8221; custom_margin=&#8221;120px||&#8221; [&hellip;]<\/p>","protected":false},"author":1,"featured_media":0,"parent":0,"menu_order":0,"comment_status":"closed","ping_status":"closed","template":"","meta":{"_et_pb_use_builder":"on","_et_pb_old_content":"","_et_gb_content_width":"","ngg_post_thumbnail":0,"footnotes":""},"class_list":["post-606","page","type-page","status-publish","hentry"],"yoast_head":"<!-- This site is optimized with the Yoast SEO Premium plugin v22.5 (Yoast SEO v24.4) - https:\/\/yoast.com\/wordpress\/plugins\/seo\/ -->\n<title>Sz\u00e9chenyi 2020 p\u00e1ly\u00e1zat - INVENT M\u00e9rn\u00f6kiroda Kft.<\/title>\n<meta name=\"robots\" content=\"index, follow, max-snippet:-1, max-image-preview:large, max-video-preview:-1\" \/>\n<link rel=\"canonical\" href=\"https:\/\/inventkft.hu\/en\/szechenyi-2020-tender\/\" \/>\n<meta property=\"og:locale\" content=\"en_GB\" \/>\n<meta property=\"og:type\" content=\"article\" \/>\n<meta property=\"og:title\" content=\"Sz\u00e9chenyi 2020 p\u00e1ly\u00e1zat\" \/>\n<meta property=\"og:description\" content=\"[et_pb_section fb_built=&#8221;1&#8243; _builder_version=&#8221;4.16&#8243; background_color=&#8221;#1b1b1b&#8221; custom_padding=&#8221;0|0px|0|0px|false|false&#8221; global_colors_info=&#8221;{}&#8221;][et_pb_row _builder_version=&#8221;4.16&#8243; custom_padding=&#8221;14px|0px|1px|0px|false|false&#8221; global_colors_info=&#8221;{}&#8221;][et_pb_column type=&#8221;4_4&#8243; _builder_version=&#8221;4.16&#8243; custom_padding=&#8221;|||&#8221; global_colors_info=&#8221;{}&#8221; custom_padding__hover=&#8221;|||&#8221;][et_pb_text _builder_version=&#8221;4.20.4&#8243; header_font=&#8221;|700||on|||||&#8221; header_text_align=&#8221;center&#8221; header_text_color=&#8221;#ffffff&#8221; hover_enabled=&#8221;0&#8243; global_colors_info=&#8221;{}&#8221; sticky_enabled=&#8221;0&#8243;] Sz\u00e9chenyi 2020 p\u00e1ly\u00e1zat [\/et_pb_text][\/et_pb_column][\/et_pb_row][\/et_pb_section][et_pb_section fb_built=&#8221;1&#8243; admin_label=&#8221;projects&#8221; _builder_version=&#8221;4.16&#8243; custom_padding=&#8221;0|0px|0|0px|false|false&#8221; global_colors_info=&#8221;{}&#8221;][et_pb_row column_structure=&#8221;1_3,2_3&#8243; module_id=&#8221;szechenyi2020&#8243; _builder_version=&#8221;4.16&#8243; custom_padding=&#8221;27px|0px|0|0px|false|false&#8221; global_colors_info=&#8221;{}&#8221;][et_pb_column type=&#8221;1_3&#8243; _builder_version=&#8221;4.16&#8243; custom_padding=&#8221;|||&#8221; global_colors_info=&#8221;{}&#8221; custom_padding__hover=&#8221;|||&#8221;][et_pb_image src=&#8221;http:\/\/inventkft.hu\/wp-content\/uploads\/2020\/01\/szechenyi-erfa-2020_v2.png&#8221; align_tablet=&#8221;center&#8221; align_phone=&#8221;&#8221; align_last_edited=&#8221;on|desktop&#8221; _builder_version=&#8221;4.16&#8243; custom_padding=&#8221;75px||||false|false&#8221; global_colors_info=&#8221;{}&#8221;][\/et_pb_image][\/et_pb_column][et_pb_column type=&#8221;2_3&#8243; _builder_version=&#8221;4.16&#8243; custom_padding=&#8221;|||&#8221; global_colors_info=&#8221;{}&#8221; custom_padding__hover=&#8221;|||&#8221;][et_pb_text _builder_version=&#8221;4.20.4&#8243; header_font=&#8221;||||||||&#8221; custom_margin=&#8221;120px||&#8221; [&hellip;]\" \/>\n<meta property=\"og:url\" content=\"https:\/\/inventkft.hu\/en\/szechenyi-2020-tender\/\" \/>\n<meta property=\"og:site_name\" content=\"INVENT M\u00e9rn\u00f6kiroda Kft.\" \/>\n<meta property=\"article:modified_time\" content=\"2023-04-07T07:26:13+00:00\" \/>\n<meta name=\"twitter:card\" content=\"summary_large_image\" \/>\n<meta name=\"twitter:label1\" content=\"Estimated reading time\" \/>\n\t<meta name=\"twitter:data1\" content=\"2 minutes\" \/>\n<script type=\"application\/ld+json\" class=\"yoast-schema-graph\">{\"@context\":\"https:\/\/schema.org\",\"@graph\":[{\"@type\":\"WebPage\",\"@id\":\"https:\/\/inventkft.hu\/szechenyi-2020-palyazat\/\",\"url\":\"https:\/\/inventkft.hu\/szechenyi-2020-palyazat\/\",\"name\":\"Sz\u00e9chenyi 2020 p\u00e1ly\u00e1zat - INVENT M\u00e9rn\u00f6kiroda Kft.\",\"isPartOf\":{\"@id\":\"https:\/\/inventkft.hu\/#website\"},\"datePublished\":\"2019-12-12T09:54:54+00:00\",\"dateModified\":\"2023-04-07T07:26:13+00:00\",\"breadcrumb\":{\"@id\":\"https:\/\/inventkft.hu\/szechenyi-2020-palyazat\/#breadcrumb\"},\"inLanguage\":\"en-GB\",\"potentialAction\":[{\"@type\":\"ReadAction\",\"target\":[\"https:\/\/inventkft.hu\/szechenyi-2020-palyazat\/\"]}]},{\"@type\":\"BreadcrumbList\",\"@id\":\"https:\/\/inventkft.hu\/szechenyi-2020-palyazat\/#breadcrumb\",\"itemListElement\":[{\"@type\":\"ListItem\",\"position\":1,\"name\":\"Home\",\"item\":\"https:\/\/inventkft.hu\/\"},{\"@type\":\"ListItem\",\"position\":2,\"name\":\"Sz\u00e9chenyi 2020 p\u00e1ly\u00e1zat\"}]},{\"@type\":\"WebSite\",\"@id\":\"https:\/\/inventkft.hu\/#website\",\"url\":\"https:\/\/inventkft.hu\/\",\"name\":\"INVENT M\u00e9rn\u00f6kiroda Kft.\",\"description\":\"\",\"potentialAction\":[{\"@type\":\"SearchAction\",\"target\":{\"@type\":\"EntryPoint\",\"urlTemplate\":\"https:\/\/inventkft.hu\/?s={search_term_string}\"},\"query-input\":{\"@type\":\"PropertyValueSpecification\",\"valueRequired\":true,\"valueName\":\"search_term_string\"}}],\"inLanguage\":\"en-GB\"}]}<\/script>\n<!-- \/ Yoast SEO Premium plugin. -->","yoast_head_json":{"title":"Sz\u00e9chenyi 2020 p\u00e1ly\u00e1zat - INVENT M\u00e9rn\u00f6kiroda Kft.","robots":{"index":"index","follow":"follow","max-snippet":"max-snippet:-1","max-image-preview":"max-image-preview:large","max-video-preview":"max-video-preview:-1"},"canonical":"https:\/\/inventkft.hu\/en\/szechenyi-2020-tender\/","og_locale":"en_GB","og_type":"article","og_title":"Sz\u00e9chenyi 2020 p\u00e1ly\u00e1zat","og_description":"[et_pb_section fb_built=&#8221;1&#8243; _builder_version=&#8221;4.16&#8243; background_color=&#8221;#1b1b1b&#8221; custom_padding=&#8221;0|0px|0|0px|false|false&#8221; global_colors_info=&#8221;{}&#8221;][et_pb_row _builder_version=&#8221;4.16&#8243; custom_padding=&#8221;14px|0px|1px|0px|false|false&#8221; global_colors_info=&#8221;{}&#8221;][et_pb_column type=&#8221;4_4&#8243; _builder_version=&#8221;4.16&#8243; custom_padding=&#8221;|||&#8221; global_colors_info=&#8221;{}&#8221; custom_padding__hover=&#8221;|||&#8221;][et_pb_text _builder_version=&#8221;4.20.4&#8243; header_font=&#8221;|700||on|||||&#8221; header_text_align=&#8221;center&#8221; header_text_color=&#8221;#ffffff&#8221; hover_enabled=&#8221;0&#8243; global_colors_info=&#8221;{}&#8221; sticky_enabled=&#8221;0&#8243;] Sz\u00e9chenyi 2020 p\u00e1ly\u00e1zat [\/et_pb_text][\/et_pb_column][\/et_pb_row][\/et_pb_section][et_pb_section fb_built=&#8221;1&#8243; admin_label=&#8221;projects&#8221; _builder_version=&#8221;4.16&#8243; custom_padding=&#8221;0|0px|0|0px|false|false&#8221; global_colors_info=&#8221;{}&#8221;][et_pb_row column_structure=&#8221;1_3,2_3&#8243; module_id=&#8221;szechenyi2020&#8243; _builder_version=&#8221;4.16&#8243; custom_padding=&#8221;27px|0px|0|0px|false|false&#8221; global_colors_info=&#8221;{}&#8221;][et_pb_column type=&#8221;1_3&#8243; _builder_version=&#8221;4.16&#8243; custom_padding=&#8221;|||&#8221; global_colors_info=&#8221;{}&#8221; custom_padding__hover=&#8221;|||&#8221;][et_pb_image src=&#8221;http:\/\/inventkft.hu\/wp-content\/uploads\/2020\/01\/szechenyi-erfa-2020_v2.png&#8221; align_tablet=&#8221;center&#8221; align_phone=&#8221;&#8221; align_last_edited=&#8221;on|desktop&#8221; _builder_version=&#8221;4.16&#8243; custom_padding=&#8221;75px||||false|false&#8221; global_colors_info=&#8221;{}&#8221;][\/et_pb_image][\/et_pb_column][et_pb_column type=&#8221;2_3&#8243; _builder_version=&#8221;4.16&#8243; custom_padding=&#8221;|||&#8221; global_colors_info=&#8221;{}&#8221; custom_padding__hover=&#8221;|||&#8221;][et_pb_text _builder_version=&#8221;4.20.4&#8243; header_font=&#8221;||||||||&#8221; custom_margin=&#8221;120px||&#8221; [&hellip;]","og_url":"https:\/\/inventkft.hu\/en\/szechenyi-2020-tender\/","og_site_name":"INVENT M\u00e9rn\u00f6kiroda Kft.","article_modified_time":"2023-04-07T07:26:13+00:00","twitter_card":"summary_large_image","twitter_misc":{"Estimated reading time":"2 minutes"},"schema":{"@context":"https:\/\/schema.org","@graph":[{"@type":"WebPage","@id":"https:\/\/inventkft.hu\/szechenyi-2020-palyazat\/","url":"https:\/\/inventkft.hu\/szechenyi-2020-palyazat\/","name":"Sz\u00e9chenyi 2020 p\u00e1ly\u00e1zat - INVENT M\u00e9rn\u00f6kiroda Kft.","isPartOf":{"@id":"https:\/\/inventkft.hu\/#website"},"datePublished":"2019-12-12T09:54:54+00:00","dateModified":"2023-04-07T07:26:13+00:00","breadcrumb":{"@id":"https:\/\/inventkft.hu\/szechenyi-2020-palyazat\/#breadcrumb"},"inLanguage":"en-GB","potentialAction":[{"@type":"ReadAction","target":["https:\/\/inventkft.hu\/szechenyi-2020-palyazat\/"]}]},{"@type":"BreadcrumbList","@id":"https:\/\/inventkft.hu\/szechenyi-2020-palyazat\/#breadcrumb","itemListElement":[{"@type":"ListItem","position":1,"name":"Home","item":"https:\/\/inventkft.hu\/"},{"@type":"ListItem","position":2,"name":"Sz\u00e9chenyi 2020 p\u00e1ly\u00e1zat"}]},{"@type":"WebSite","@id":"https:\/\/inventkft.hu\/#website","url":"https:\/\/inventkft.hu\/","name":"INVENT M\u00e9rn\u00f6kiroda Kft.","description":"","potentialAction":[{"@type":"SearchAction","target":{"@type":"EntryPoint","urlTemplate":"https:\/\/inventkft.hu\/?s={search_term_string}"},"query-input":{"@type":"PropertyValueSpecification","valueRequired":true,"valueName":"search_term_string"}}],"inLanguage":"en-GB"}]}},"_links":{"self":[{"href":"https:\/\/inventkft.hu\/en\/wp-json\/wp\/v2\/pages\/606","targetHints":{"allow":["GET"]}}],"collection":[{"href":"https:\/\/inventkft.hu\/en\/wp-json\/wp\/v2\/pages"}],"about":[{"href":"https:\/\/inventkft.hu\/en\/wp-json\/wp\/v2\/types\/page"}],"author":[{"embeddable":true,"href":"https:\/\/inventkft.hu\/en\/wp-json\/wp\/v2\/users\/1"}],"replies":[{"embeddable":true,"href":"https:\/\/inventkft.hu\/en\/wp-json\/wp\/v2\/comments?post=606"}],"version-history":[{"count":19,"href":"https:\/\/inventkft.hu\/en\/wp-json\/wp\/v2\/pages\/606\/revisions"}],"predecessor-version":[{"id":1534,"href":"https:\/\/inventkft.hu\/en\/wp-json\/wp\/v2\/pages\/606\/revisions\/1534"}],"wp:attachment":[{"href":"https:\/\/inventkft.hu\/en\/wp-json\/wp\/v2\/media?parent=606"}],"curies":[{"name":"wp","href":"https:\/\/api.w.org\/{rel}","templated":true}]}}