{"id":615,"date":"2019-12-12T10:00:50","date_gmt":"2019-12-12T10:00:50","guid":{"rendered":"http:\/\/inventkft.hu\/?page_id=615"},"modified":"2023-04-07T08:27:38","modified_gmt":"2023-04-07T07:27:38","slug":"nkfi-palyazat","status":"publish","type":"page","link":"https:\/\/inventkft.hu\/en\/nkfi-tender\/","title":{"rendered":"NKFI tender"},"content":{"rendered":"<p>[et_pb_section fb_built=&#8221;1&#8243; _builder_version=&#8221;4.16&#8243; background_color=&#8221;#1b1b1b&#8221; custom_padding=&#8221;0|0px|0|0px|false|false&#8221; global_colors_info=&#8221;{}&#8221;][et_pb_row _builder_version=&#8221;4.16&#8243; custom_padding=&#8221;14px|0px|1px|0px|false|false&#8221; global_colors_info=&#8221;{}&#8221;][et_pb_column type=&#8221;4_4&#8243; _builder_version=&#8221;4.16&#8243; custom_padding=&#8221;|||&#8221; global_colors_info=&#8221;{}&#8221; custom_padding__hover=&#8221;|||&#8221;][et_pb_text _builder_version=&#8221;4.20.4&#8243; header_font=&#8221;|700||on|||||&#8221; header_text_align=&#8221;center&#8221; header_text_color=&#8221;#ffffff&#8221; hover_enabled=&#8221;0&#8243; global_colors_info=&#8221;{}&#8221; sticky_enabled=&#8221;0&#8243;]<\/p>\n<h1>NKFI tender<\/h1>\n<p>[\/et_pb_text][\/et_pb_column][\/et_pb_row][\/et_pb_section][et_pb_section fb_built=&#8221;1&#8243; admin_label=&#8221;projects&#8221; _builder_version=&#8221;4.16&#8243; custom_padding=&#8221;0|0px|0|0px|false|false&#8221; global_colors_info=&#8221;{}&#8221;][et_pb_row module_id=&#8221;nkfi&#8221; _builder_version=&#8221;4.16&#8243; background_color=&#8221;#b6d37a&#8221; custom_padding=&#8221;0|0px|50px|0px|false|false&#8221; global_colors_info=&#8221;{}&#8221;][et_pb_column type=&#8221;4_4&#8243; _builder_version=&#8221;4.16&#8243; custom_padding=&#8221;|||&#8221; global_colors_info=&#8221;{}&#8221; custom_padding__hover=&#8221;|||&#8221;][et_pb_text content_tablet=&#8221;&#8221; content_phone=&#8221;<\/p>\n<p style=\"%22font-size:\" 30px;%22><span style=\"%22font-family:\" garamond; color: #000000;%22>INVENT Engineering Office Ltd.<\/span><\/p>\n<p style=\"%22font-size:\" 30px;%22><span style=\"%22font-family:\" 'garamond';%22><\/span><\/p>\n<p style=\"%22font-size:\" 30px;%22><span style=\"%22font-family:\" garamond; font-size: 30px; color: #ffffff;%22>UFFV (univerz\u00e1lis fut\u00f3 forg\u00f3v\u00e1z) protot\u00edpus\u00e1nak kifejleszt\u00e9se a kisvas\u00fati j\u00e1rm\u0171fejleszt\u00e9sek el\u0151seg\u00edt\u00e9s\u00e9hez<\/span><\/p>\n<p>&#8221; content_last_edited=&#8221;on|desktop&#8221; _builder_version=&#8221;4.20.4&#8243; text_font=&#8221;||||||||&#8221; text_letter_spacing=&#8221;2px&#8221; text_line_height=&#8221;3.5em&#8221; header_font=&#8221;||||||||&#8221; width=&#8221;90.6%&#8221; width_tablet=&#8221;&#8221; width_phone=&#8221;79%&#8221; width_last_edited=&#8221;on|phone&#8221; custom_margin=&#8221;35px||0px|50px&#8221; custom_padding=&#8221;|||&#8221; hover_enabled=&#8221;0&#8243; text_line_height_tablet=&#8221;&#8221; text_line_height_phone=&#8221;&#8221; text_line_height_last_edited=&#8221;on|phone&#8221; inline_fonts=&#8221;Caesar Dressing&#8221; global_colors_info=&#8221;{}&#8221; sticky_enabled=&#8221;0&#8243;]<\/p>\n<p style=\"font-size: 40px;\"><span style=\"font-family: Garamond; color: #000000;\">INVENT Engineering Office Ltd.<\/span><\/p>\n<p><span style=\"font-family: Garamond; font-size: 60px; color: #ffffff;\">UFFV (Development of a Universal Running Bogie to help the development of the narrow-gauge railways)\u00a0<\/span><span style=\"color: #ffffff; font-family: Garamond; font-size: 60px;\">j\u00e1rm\u0171fejleszt\u00e9sek el\u0151seg\u00edt\u00e9s\u00e9hez<\/span><\/p>\n<p style=\"font-size: 40px;\"><span style=\"font-family: 'Garamond';\"><\/span><\/p>\n<p>[\/et_pb_text][\/et_pb_column][\/et_pb_row][et_pb_row column_structure=&#8221;1_2,1_2&#8243; _builder_version=&#8221;4.16&#8243; custom_padding=&#8221;50px|0px|27px|0px|false|false&#8221; global_colors_info=&#8221;{}&#8221;][et_pb_column type=&#8221;1_2&#8243; _builder_version=&#8221;4.16&#8243; custom_padding=&#8221;|||&#8221; global_colors_info=&#8221;{}&#8221; custom_padding__hover=&#8221;|||&#8221;][et_pb_text content_tablet=&#8221;&#8221; content_phone=&#8221;<\/p>\n<p style=\"%22font-size:\" 35px;%22><span style=\"%22font-family:\" garamond;%22>Amount of the subsidy:<\/span><\/p>\n<p style=\"%22font-size:\" 50px;%22><span style=\"%22font-family:\" garamond;%22><strong>77,393 MILLI\u00d3 FORINT<\/strong><\/span><\/p>\n<p>&#8221; content_last_edited=&#8221;on|phone&#8221; _builder_version=&#8221;4.20.4&#8243; text_line_height=&#8221;3em&#8221; width=&#8221;72%&#8221; custom_margin=&#8221;|||50px&#8221; hover_enabled=&#8221;0&#8243; inline_fonts=&#8221;Trebuchet&#8221; global_colors_info=&#8221;{}&#8221; sticky_enabled=&#8221;0&#8243;]<\/p>\n<p style=\"font-size: 35px;\"><span style=\"font-family: Garamond;\">Amount of the subsidy:<\/span><\/p>\n<p style=\"font-size: 50px;\"><span style=\"font-family: Garamond;\"><strong>77,393 Million HUF<br \/><\/strong><strong>FORINT\u00a0<\/strong><\/span><\/p>\n<p>[\/et_pb_text][et_pb_text _builder_version=&#8221;4.20.4&#8243; custom_padding=&#8221;|||50px||&#8221; hover_enabled=&#8221;0&#8243; global_colors_info=&#8221;{}&#8221; sticky_enabled=&#8221;0&#8243;]<\/p>\n<p style=\"font-size: 20px;\"><span style=\"font-family: Garamond;\">2018-1.1.1-MKI-2018-00009 tender<\/span><\/p>\n<p>[\/et_pb_text][\/et_pb_column][et_pb_column type=&#8221;1_2&#8243; _builder_version=&#8221;4.16&#8243; custom_padding=&#8221;|||&#8221; global_colors_info=&#8221;{}&#8221; custom_padding__hover=&#8221;|||&#8221;][et_pb_image src=&#8221;http:\/\/inventkft.hu\/wp-content\/uploads\/2019\/04\/nkfi.jpg&#8221; align_tablet=&#8221;center&#8221; align_phone=&#8221;&#8221; align_last_edited=&#8221;on|desktop&#8221; _builder_version=&#8221;4.16&#8243; custom_padding=&#8221;53px||||false|false&#8221; global_colors_info=&#8221;{}&#8221;][\/et_pb_image][\/et_pb_column][\/et_pb_row][et_pb_row _builder_version=&#8221;4.16&#8243; global_colors_info=&#8221;{}&#8221;][et_pb_column type=&#8221;4_4&#8243; _builder_version=&#8221;4.16&#8243; global_colors_info=&#8221;{}&#8221;][et_pb_code _builder_version=&#8221;4.16&#8243; global_colors_info=&#8221;{}&#8221;]<div class=\"rtbs  rtbs_nkfi\"><div class=\"rtbs_slug\" style=\"display:none\">nkfi<\/div><div class=\"rtbs_inactive_tab_background\" style=\"display:none\">transparent<\/div><div class=\"rtbs_breakpoint\" style=\"display:none\">600<\/div><div class=\"rtbs_color\" style=\"display:none\">#b6d37a<\/div>\r\n        <div class=\"rtbs_menu\">\r\n            <ul>\r\n                <li class=\"mobile_toggle\">&zwnj;<\/li><li class=\"current\"><a style=\"background:#b6d37a\" class=\"active nkfi-tab-link-0\" href=\"#\" data-tab=\"#nkfi-tab-0\">The product<\/a><\/li><li><a href=\"#\" data-tab=\"#nkfi-tab-1\" class=\"nkfi-tab-link-1\">Photo gallery<\/a><\/li><li><a href=\"#\" data-tab=\"#nkfi-tab-2\" class=\"nkfi-tab-link-2\">Press news<\/a><\/li>\r\n            <\/ul>\r\n        <\/div><div style=\"border-top:7px solid #b6d37a;\" id=\"nkfi-tab-0\" class=\"rtbs_content active\"><p>With the tender no. GINOP-2.1.7-15-2016-00424 INVENT Engineering Office Ltd. won a tender to design, develop and to produce the prototype of a narrow-gauge running bogie. With the previously developed motorized bogie the modern narrow-gauge bogie family is complete.<\/p>\n<p>\u00a0<\/p>\n<p>What could be the criteria to a modern (universal) narrow-gauge bogie?<\/p>\n<ul>\n<li>The main criteria for a bogie is its \u201coff-road skill\u201d, to be able to adapt to railway tracks with bad condition. It has to guarantee the proper safety of running whether it is a good or a bad conditioned railway track.<\/li>\n<li>Another criteria, that connects to the previous one is the design to avoid further damage of the railway track, the two-staged spring assembly.<\/li>\n<li>Low mass, and within the minimum unsprung mass.<\/li>\n<li>Low maintenance requirement.<\/li>\n<li>High passenger comfort even in bad railway tracks.<\/li>\n<li>Environmentally friendly design, low sound pollution, closed lubricant spaces with improved sealing.<\/li>\n<li>Make sure that the most parts of the motorized bogie can be used for a running bogie. (universal)<\/li>\n<\/ul>\n<p><strong>Univerz\u00e1lis fut\u00f3 forg\u00f3v\u00e1z f\u0151bb m\u00e9retei \u00e9s elemei<\/strong><\/p>\n<ul>\n<li>Gauge: 760 mm<\/li>\n<li>Wheel diameter: 600 mm<\/li>\n<li>Wheel-base (Axle distance): 1700 mm<\/li>\n<li>Axle-load: 5-6 t<\/li>\n<li>Nominal speed: 20-60 km\/h<\/li>\n<\/ul>\n<p><u>Bogie frame:<\/u><\/p>\n<p>A forg\u00f3v\u00e1z keret egy ac\u00e9llemezekb\u0151l \u00f6sszehegesztett, \u2013 fel\u00fcln\u00e9zetben \u201eH\u201d alak\u00fa \u2013 szekr\u00e9nyes tart\u00f3szerkezet, amely a forg\u00f3v\u00e1z merev v\u00e1z\u00e1t alkotja. A forg\u00f3v\u00e1z kerethez csatlakoznak a ker\u00e9kp\u00e1r csap\u00e1gyh\u00e1zai, a primer \u00e9s szekunder rug\u00f3z\u00e1s elemei, a von\u00f3szerkezet \u00e9s f\u00e9kszerkezet. \u00cdgy a forg\u00f3v\u00e1z keret k\u00f6zvet\u00edti a hossz-, kereszt- \u00e9s f\u00fcgg\u0151leges ir\u00e1ny\u00fa er\u0151ket a ker\u00e9kp\u00e1rok \u00e9s kocsiszekr\u00e9ny k\u00f6z\u00f6tt.<\/p>\n<p>\u00a0<\/p>\n<p><u>Wheel-set:<\/u><\/p>\n<p>The wheel-set is produced in a traditional way. It is a press-fitted separate tyre. The axle is guided with spherical roller bearings, which can withstand the dynamic effects of the bad conditioned railway tracks. They have long service life and they does not need frequent maintenance. The bearing houses connect to the bogie frame via silent blocks. This design ensures the good \u201coff-road skill\u201d that means the wheel will not lose the contact with the track even when there is a major defect in the track. Thus the design improves the safety of running.<\/p>\n<p>\u00a0<\/p>\n<p><u>Primary springs:<\/u><\/p>\n<p>The primary springs are spiral, steel springs mounted between the bogie frame and the axle bearing houses. Designing the springs allows the regulation of the rotation of the axle bearing houses ie the \u201coff-road skill\u201d.<\/p>\n<p>\u00a0<\/p>\n<p><u>Side-bearer and the secondary springs:<\/u><\/p>\n<p>The weight of the body of the coach is conveyed to the bogie frame by two rubber-steel sheet spring. This secondary spring ensures that the bogie can rotate compared to the body frame in a curved track and after the curve has ended it ensures that the bogie returns its original position. The benefit of this design compared to the traditional side-bearer is this solution does not need lubricant nor maintenance. Beside it is environmentally friendly it has quite good vibe and noise absorption, that highly improve the passenger comfort.<\/p>\n<p>\u00a0<\/p>\n<p><u>Draw-gear:<\/u><\/p>\n<p>The draw-gear conveys the longitudinal forces (traction force, breaking force) between the bogie and the body frame. The draw-gear is \u201cZ\u201d shaped, which consist of a bogie-bolster, perpendicular to the working direction, and two draw-bar parallel with the working direction. The draw-gear is rigid in longitudinal way, however it ensures the rotation of the bogie and a slight horizontal movement of it. The benefit of the \u201cZ\u201d shaped design is this design does not convey minor track defects from the bogie to the body frame, thus it improves the passenger comfort. Further advantage of the \u201cZ\u201d shaped design is this allows a smooth transition to the body frame from a straight track to a curved track, improving the passenger comfort even further.<\/p>\n<p>\u00a0<\/p>\n<p><u>Brake set:<\/u><\/p>\n<p>The brake set is traditional, it has got brake-block and brake-rigging. The wheels are braked one side, from the center of the bogie.<\/p>\n<div style=\"margin-top:30px; clear:both;\"><\/div><\/div><div style=\"border-top:7px solid #b6d37a;\" id=\"nkfi-tab-1\" class=\"rtbs_content\"><p><img loading=\"lazy\" decoding=\"async\" class=\"size-medium wp-image-714 aligncenter\" src=\"http:\/\/inventkft.hu\/wp-content\/uploads\/2019\/12\/UFFV-forg\u00f3v\u00e1z-300x233.png\" alt=\"\" width=\"300\" height=\"233\" srcset=\"https:\/\/inventkft.hu\/wp-content\/uploads\/2019\/12\/UFFV-forg\u00f3v\u00e1z-300x233.png 300w, https:\/\/inventkft.hu\/wp-content\/uploads\/2019\/12\/UFFV-forg\u00f3v\u00e1z-768x596.png 768w, https:\/\/inventkft.hu\/wp-content\/uploads\/2019\/12\/UFFV-forg\u00f3v\u00e1z-480x372.png 480w, https:\/\/inventkft.hu\/wp-content\/uploads\/2019\/12\/UFFV-forg\u00f3v\u00e1z.png 913w\" sizes=\"(max-width: 300px) 100vw, 300px\" \/><\/p>\n<div style=\"margin-top:30px; clear:both;\"><\/div><\/div><div style=\"border-top:7px solid #b6d37a;\" id=\"nkfi-tab-2\" class=\"rtbs_content\"><p style=\"text-align: center\"><a href=\"https:\/\/inventkft.hu\/wp-content\/uploads\/2020\/01\/Innorail-cikk-UFFV.pdf\" class=\"pdfemb-viewer\" style=\"\" data-width=\"max\" data-height=\"max\" data-toolbar=\"bottom\" data-toolbar-fixed=\"off\">Innorail-cikk-UFFV<\/a><br \/><a href=\"https:\/\/inventkft.hu\/wp-content\/uploads\/2020\/01\/VAS\u00daTG\u00c9P\u00c9SZET-cikk-UFFV.pdf\" class=\"pdfemb-viewer\" style=\"\" data-width=\"max\" data-height=\"max\" data-toolbar=\"bottom\" data-toolbar-fixed=\"off\">VAS\u00daTG\u00c9P\u00c9SZET-cikk-UFFV<\/a><\/p>\n<div style=\"margin-top:30px; clear:both;\"><\/div><\/div>\r\n    <\/div>\r\n    [\/et_pb_code][\/et_pb_column][\/et_pb_row][\/et_pb_section]<\/p>","protected":false},"excerpt":{"rendered":"<p>[et_pb_section fb_built=&#8221;1&#8243; _builder_version=&#8221;4.16&#8243; background_color=&#8221;#1b1b1b&#8221; custom_padding=&#8221;0|0px|0|0px|false|false&#8221; global_colors_info=&#8221;{}&#8221;][et_pb_row _builder_version=&#8221;4.16&#8243; custom_padding=&#8221;14px|0px|1px|0px|false|false&#8221; global_colors_info=&#8221;{}&#8221;][et_pb_column type=&#8221;4_4&#8243; _builder_version=&#8221;4.16&#8243; custom_padding=&#8221;|||&#8221; global_colors_info=&#8221;{}&#8221; custom_padding__hover=&#8221;|||&#8221;][et_pb_text _builder_version=&#8221;4.20.4&#8243; header_font=&#8221;|700||on|||||&#8221; header_text_align=&#8221;center&#8221; header_text_color=&#8221;#ffffff&#8221; hover_enabled=&#8221;0&#8243; global_colors_info=&#8221;{}&#8221; sticky_enabled=&#8221;0&#8243;] NKFI p\u00e1ly\u00e1zat [\/et_pb_text][\/et_pb_column][\/et_pb_row][\/et_pb_section][et_pb_section fb_built=&#8221;1&#8243; admin_label=&#8221;projects&#8221; _builder_version=&#8221;4.16&#8243; custom_padding=&#8221;0|0px|0|0px|false|false&#8221; global_colors_info=&#8221;{}&#8221;][et_pb_row module_id=&#8221;nkfi&#8221; _builder_version=&#8221;4.16&#8243; background_color=&#8221;#b6d37a&#8221; custom_padding=&#8221;0|0px|50px|0px|false|false&#8221; global_colors_info=&#8221;{}&#8221;][et_pb_column type=&#8221;4_4&#8243; _builder_version=&#8221;4.16&#8243; custom_padding=&#8221;|||&#8221; global_colors_info=&#8221;{}&#8221; custom_padding__hover=&#8221;|||&#8221;][et_pb_text content_tablet=&#8221;&#8221; content_phone=&#8221; INVENT M\u00e9rn\u00f6kiroda Korl\u00e1tolt Felel\u0151ss\u00e9g\u0171 T\u00e1rsas\u00e1g UFFV (univerz\u00e1lis fut\u00f3 forg\u00f3v\u00e1z) protot\u00edpus\u00e1nak kifejleszt\u00e9se a kisvas\u00fati j\u00e1rm\u0171fejleszt\u00e9sek [&hellip;]<\/p>","protected":false},"author":1,"featured_media":0,"parent":0,"menu_order":0,"comment_status":"closed","ping_status":"closed","template":"","meta":{"_et_pb_use_builder":"on","_et_pb_old_content":"","_et_gb_content_width":"","ngg_post_thumbnail":0,"footnotes":""},"class_list":["post-615","page","type-page","status-publish","hentry"],"yoast_head":"<!-- This site is optimized with the Yoast SEO Premium plugin v22.5 (Yoast SEO v24.4) - https:\/\/yoast.com\/wordpress\/plugins\/seo\/ -->\n<title>NKFI p\u00e1ly\u00e1zat - INVENT M\u00e9rn\u00f6kiroda Kft.<\/title>\n<meta name=\"robots\" content=\"index, follow, max-snippet:-1, max-image-preview:large, max-video-preview:-1\" \/>\n<link rel=\"canonical\" href=\"https:\/\/inventkft.hu\/en\/nkfi-tender\/\" \/>\n<meta property=\"og:locale\" content=\"en_GB\" \/>\n<meta property=\"og:type\" content=\"article\" \/>\n<meta property=\"og:title\" content=\"NKFI p\u00e1ly\u00e1zat\" \/>\n<meta property=\"og:description\" content=\"[et_pb_section fb_built=&#8221;1&#8243; _builder_version=&#8221;4.16&#8243; background_color=&#8221;#1b1b1b&#8221; custom_padding=&#8221;0|0px|0|0px|false|false&#8221; global_colors_info=&#8221;{}&#8221;][et_pb_row _builder_version=&#8221;4.16&#8243; custom_padding=&#8221;14px|0px|1px|0px|false|false&#8221; global_colors_info=&#8221;{}&#8221;][et_pb_column type=&#8221;4_4&#8243; _builder_version=&#8221;4.16&#8243; custom_padding=&#8221;|||&#8221; global_colors_info=&#8221;{}&#8221; custom_padding__hover=&#8221;|||&#8221;][et_pb_text _builder_version=&#8221;4.20.4&#8243; header_font=&#8221;|700||on|||||&#8221; header_text_align=&#8221;center&#8221; header_text_color=&#8221;#ffffff&#8221; hover_enabled=&#8221;0&#8243; global_colors_info=&#8221;{}&#8221; sticky_enabled=&#8221;0&#8243;] NKFI p\u00e1ly\u00e1zat [\/et_pb_text][\/et_pb_column][\/et_pb_row][\/et_pb_section][et_pb_section fb_built=&#8221;1&#8243; admin_label=&#8221;projects&#8221; _builder_version=&#8221;4.16&#8243; custom_padding=&#8221;0|0px|0|0px|false|false&#8221; global_colors_info=&#8221;{}&#8221;][et_pb_row module_id=&#8221;nkfi&#8221; _builder_version=&#8221;4.16&#8243; background_color=&#8221;#b6d37a&#8221; custom_padding=&#8221;0|0px|50px|0px|false|false&#8221; global_colors_info=&#8221;{}&#8221;][et_pb_column type=&#8221;4_4&#8243; _builder_version=&#8221;4.16&#8243; custom_padding=&#8221;|||&#8221; global_colors_info=&#8221;{}&#8221; custom_padding__hover=&#8221;|||&#8221;][et_pb_text content_tablet=&#8221;&#8221; content_phone=&#8221; INVENT M\u00e9rn\u00f6kiroda Korl\u00e1tolt Felel\u0151ss\u00e9g\u0171 T\u00e1rsas\u00e1g UFFV (univerz\u00e1lis fut\u00f3 forg\u00f3v\u00e1z) protot\u00edpus\u00e1nak kifejleszt\u00e9se a kisvas\u00fati j\u00e1rm\u0171fejleszt\u00e9sek [&hellip;]\" \/>\n<meta property=\"og:url\" content=\"https:\/\/inventkft.hu\/en\/nkfi-tender\/\" \/>\n<meta property=\"og:site_name\" content=\"INVENT M\u00e9rn\u00f6kiroda Kft.\" \/>\n<meta property=\"article:modified_time\" content=\"2023-04-07T07:27:38+00:00\" \/>\n<meta name=\"twitter:card\" content=\"summary_large_image\" \/>\n<meta name=\"twitter:label1\" content=\"Estimated reading time\" \/>\n\t<meta name=\"twitter:data1\" content=\"3 minutes\" \/>\n<script type=\"application\/ld+json\" class=\"yoast-schema-graph\">{\"@context\":\"https:\/\/schema.org\",\"@graph\":[{\"@type\":\"WebPage\",\"@id\":\"https:\/\/inventkft.hu\/nkfi-palyazat\/\",\"url\":\"https:\/\/inventkft.hu\/nkfi-palyazat\/\",\"name\":\"NKFI p\u00e1ly\u00e1zat - INVENT M\u00e9rn\u00f6kiroda Kft.\",\"isPartOf\":{\"@id\":\"https:\/\/inventkft.hu\/#website\"},\"datePublished\":\"2019-12-12T10:00:50+00:00\",\"dateModified\":\"2023-04-07T07:27:38+00:00\",\"breadcrumb\":{\"@id\":\"https:\/\/inventkft.hu\/nkfi-palyazat\/#breadcrumb\"},\"inLanguage\":\"en-GB\",\"potentialAction\":[{\"@type\":\"ReadAction\",\"target\":[\"https:\/\/inventkft.hu\/nkfi-palyazat\/\"]}]},{\"@type\":\"BreadcrumbList\",\"@id\":\"https:\/\/inventkft.hu\/nkfi-palyazat\/#breadcrumb\",\"itemListElement\":[{\"@type\":\"ListItem\",\"position\":1,\"name\":\"Home\",\"item\":\"https:\/\/inventkft.hu\/\"},{\"@type\":\"ListItem\",\"position\":2,\"name\":\"NKFI p\u00e1ly\u00e1zat\"}]},{\"@type\":\"WebSite\",\"@id\":\"https:\/\/inventkft.hu\/#website\",\"url\":\"https:\/\/inventkft.hu\/\",\"name\":\"INVENT M\u00e9rn\u00f6kiroda Kft.\",\"description\":\"\",\"potentialAction\":[{\"@type\":\"SearchAction\",\"target\":{\"@type\":\"EntryPoint\",\"urlTemplate\":\"https:\/\/inventkft.hu\/?s={search_term_string}\"},\"query-input\":{\"@type\":\"PropertyValueSpecification\",\"valueRequired\":true,\"valueName\":\"search_term_string\"}}],\"inLanguage\":\"en-GB\"}]}<\/script>\n<!-- \/ Yoast SEO Premium plugin. -->","yoast_head_json":{"title":"NKFI p\u00e1ly\u00e1zat - INVENT M\u00e9rn\u00f6kiroda Kft.","robots":{"index":"index","follow":"follow","max-snippet":"max-snippet:-1","max-image-preview":"max-image-preview:large","max-video-preview":"max-video-preview:-1"},"canonical":"https:\/\/inventkft.hu\/en\/nkfi-tender\/","og_locale":"en_GB","og_type":"article","og_title":"NKFI p\u00e1ly\u00e1zat","og_description":"[et_pb_section fb_built=&#8221;1&#8243; _builder_version=&#8221;4.16&#8243; background_color=&#8221;#1b1b1b&#8221; custom_padding=&#8221;0|0px|0|0px|false|false&#8221; global_colors_info=&#8221;{}&#8221;][et_pb_row _builder_version=&#8221;4.16&#8243; custom_padding=&#8221;14px|0px|1px|0px|false|false&#8221; global_colors_info=&#8221;{}&#8221;][et_pb_column type=&#8221;4_4&#8243; _builder_version=&#8221;4.16&#8243; custom_padding=&#8221;|||&#8221; global_colors_info=&#8221;{}&#8221; custom_padding__hover=&#8221;|||&#8221;][et_pb_text _builder_version=&#8221;4.20.4&#8243; header_font=&#8221;|700||on|||||&#8221; header_text_align=&#8221;center&#8221; header_text_color=&#8221;#ffffff&#8221; hover_enabled=&#8221;0&#8243; global_colors_info=&#8221;{}&#8221; sticky_enabled=&#8221;0&#8243;] NKFI p\u00e1ly\u00e1zat [\/et_pb_text][\/et_pb_column][\/et_pb_row][\/et_pb_section][et_pb_section fb_built=&#8221;1&#8243; admin_label=&#8221;projects&#8221; _builder_version=&#8221;4.16&#8243; custom_padding=&#8221;0|0px|0|0px|false|false&#8221; global_colors_info=&#8221;{}&#8221;][et_pb_row module_id=&#8221;nkfi&#8221; _builder_version=&#8221;4.16&#8243; background_color=&#8221;#b6d37a&#8221; custom_padding=&#8221;0|0px|50px|0px|false|false&#8221; global_colors_info=&#8221;{}&#8221;][et_pb_column type=&#8221;4_4&#8243; _builder_version=&#8221;4.16&#8243; custom_padding=&#8221;|||&#8221; global_colors_info=&#8221;{}&#8221; custom_padding__hover=&#8221;|||&#8221;][et_pb_text content_tablet=&#8221;&#8221; content_phone=&#8221; INVENT M\u00e9rn\u00f6kiroda Korl\u00e1tolt Felel\u0151ss\u00e9g\u0171 T\u00e1rsas\u00e1g UFFV (univerz\u00e1lis fut\u00f3 forg\u00f3v\u00e1z) protot\u00edpus\u00e1nak kifejleszt\u00e9se a kisvas\u00fati j\u00e1rm\u0171fejleszt\u00e9sek [&hellip;]","og_url":"https:\/\/inventkft.hu\/en\/nkfi-tender\/","og_site_name":"INVENT M\u00e9rn\u00f6kiroda Kft.","article_modified_time":"2023-04-07T07:27:38+00:00","twitter_card":"summary_large_image","twitter_misc":{"Estimated reading time":"3 minutes"},"schema":{"@context":"https:\/\/schema.org","@graph":[{"@type":"WebPage","@id":"https:\/\/inventkft.hu\/nkfi-palyazat\/","url":"https:\/\/inventkft.hu\/nkfi-palyazat\/","name":"NKFI p\u00e1ly\u00e1zat - INVENT M\u00e9rn\u00f6kiroda Kft.","isPartOf":{"@id":"https:\/\/inventkft.hu\/#website"},"datePublished":"2019-12-12T10:00:50+00:00","dateModified":"2023-04-07T07:27:38+00:00","breadcrumb":{"@id":"https:\/\/inventkft.hu\/nkfi-palyazat\/#breadcrumb"},"inLanguage":"en-GB","potentialAction":[{"@type":"ReadAction","target":["https:\/\/inventkft.hu\/nkfi-palyazat\/"]}]},{"@type":"BreadcrumbList","@id":"https:\/\/inventkft.hu\/nkfi-palyazat\/#breadcrumb","itemListElement":[{"@type":"ListItem","position":1,"name":"Home","item":"https:\/\/inventkft.hu\/"},{"@type":"ListItem","position":2,"name":"NKFI p\u00e1ly\u00e1zat"}]},{"@type":"WebSite","@id":"https:\/\/inventkft.hu\/#website","url":"https:\/\/inventkft.hu\/","name":"INVENT M\u00e9rn\u00f6kiroda Kft.","description":"","potentialAction":[{"@type":"SearchAction","target":{"@type":"EntryPoint","urlTemplate":"https:\/\/inventkft.hu\/?s={search_term_string}"},"query-input":{"@type":"PropertyValueSpecification","valueRequired":true,"valueName":"search_term_string"}}],"inLanguage":"en-GB"}]}},"_links":{"self":[{"href":"https:\/\/inventkft.hu\/en\/wp-json\/wp\/v2\/pages\/615","targetHints":{"allow":["GET"]}}],"collection":[{"href":"https:\/\/inventkft.hu\/en\/wp-json\/wp\/v2\/pages"}],"about":[{"href":"https:\/\/inventkft.hu\/en\/wp-json\/wp\/v2\/types\/page"}],"author":[{"embeddable":true,"href":"https:\/\/inventkft.hu\/en\/wp-json\/wp\/v2\/users\/1"}],"replies":[{"embeddable":true,"href":"https:\/\/inventkft.hu\/en\/wp-json\/wp\/v2\/comments?post=615"}],"version-history":[{"count":21,"href":"https:\/\/inventkft.hu\/en\/wp-json\/wp\/v2\/pages\/615\/revisions"}],"predecessor-version":[{"id":1535,"href":"https:\/\/inventkft.hu\/en\/wp-json\/wp\/v2\/pages\/615\/revisions\/1535"}],"wp:attachment":[{"href":"https:\/\/inventkft.hu\/en\/wp-json\/wp\/v2\/media?parent=615"}],"curies":[{"name":"wp","href":"https:\/\/api.w.org\/{rel}","templated":true}]}}