{"id":65,"date":"2019-04-08T11:47:48","date_gmt":"2019-04-08T11:47:48","guid":{"rendered":"http:\/\/inventkft.hu\/?page_id=65"},"modified":"2023-05-19T10:20:38","modified_gmt":"2023-05-19T09:20:38","slug":"szolgaltatasaink","status":"publish","type":"page","link":"https:\/\/inventkft.hu\/en\/our-services\/","title":{"rendered":"Our services"},"content":{"rendered":"<p>[et_pb_section fb_built=&#8221;1&#8243; admin_label=&#8221;Hero Section&#8221; _builder_version=&#8221;4.16&#8243; custom_padding=&#8221;0|0px|0px|0px&#8221; global_colors_info=&#8221;{}&#8221;][et_pb_row column_structure=&#8221;1_2,1_2&#8243; use_custom_gutter=&#8221;on&#8221; make_equal=&#8221;on&#8221; _builder_version=&#8221;4.16&#8243; width=&#8221;100%&#8221; max_width=&#8221;100%&#8221; custom_padding=&#8221;0px|0|0px|&#8221; use_custom_width=&#8221;on&#8221; width_unit=&#8221;off&#8221; custom_width_percent=&#8221;100%&#8221; global_colors_info=&#8221;{}&#8221;][et_pb_column type=&#8221;1_2&#8243; _builder_version=&#8221;4.16&#8243; custom_padding=&#8221;125px|4%|125px|8%&#8221; custom_padding_tablet=&#8221;60px|10%|60px|10%&#8221; custom_padding_phone=&#8221;&#8221; custom_padding_last_edited=&#8221;on|tablet&#8221; global_colors_info=&#8221;{}&#8221; custom_padding__hover=&#8221;|||&#8221;][et_pb_text _builder_version=&#8221;4.20.4&#8243; text_font=&#8221;||||||||&#8221; header_font=&#8221;||||||||&#8221; header_3_font=&#8221;|700||on|||||&#8221; header_3_text_color=&#8221;#c2ab92&#8243; header_3_font_size=&#8221;16px&#8221; header_3_letter_spacing=&#8221;1px&#8221; background_layout=&#8221;dark&#8221; max_width=&#8221;600px&#8221; module_alignment=&#8221;left&#8221; custom_margin=&#8221;||20px|&#8221; locked=&#8221;off&#8221; global_colors_info=&#8221;{}&#8221;]<\/p>\n<h3><span style=\"color: #3B83BD;\">WHAT ARE OUR ACTIVITIES?<\/span><\/h3>\n<p>[\/et_pb_text][et_pb_text _builder_version=&#8221;4.20.4&#8243; text_font=&#8221;||||||||&#8221; text_font_size=&#8221;18px&#8221; text_line_height=&#8221;1.8em&#8221; header_font=&#8221;||||||||&#8221; header_font_size=&#8221;56px&#8221; header_line_height=&#8221;1.4em&#8221; max_width=&#8221;600px&#8221; header_font_size_tablet=&#8221;40px&#8221; header_font_size_phone=&#8221;&#8221; header_font_size_last_edited=&#8221;on|tablet&#8221; locked=&#8221;off&#8221; inline_fonts=&#8221;Georgia&#8221; global_colors_info=&#8221;{}&#8221;]<\/p>\n<h1>Our services<\/h1>\n<p><span style=\"font-family: Georgia;\">Our main activities are to design and develop railway, vehicular and mechanical equipment.<\/span><\/p>\n<p><span style=\"font-family: Georgia;\">Beside design and development services our engineering team with many years of experience are here to consult with you.<\/span><\/p>\n<p>[\/et_pb_text][et_pb_button button_url=&#8221;#kapcsolat&#8221; button_text=&#8221;Vegye fel vel\u00fcnk a kapcsolatot&#8221; _builder_version=&#8221;4.20.4&#8243; custom_button=&#8221;on&#8221; button_text_size=&#8221;13px&#8221; button_text_color=&#8221;#ffffff&#8221; button_bg_color=&#8221;#3b83bd&#8221; button_border_width=&#8221;2px&#8221; button_border_color=&#8221;#3b83bd&#8221; button_border_radius=&#8221;20px&#8221; button_letter_spacing=&#8221;2px&#8221; button_font=&#8221;|700||on|||||&#8221; background_layout=&#8221;dark&#8221; custom_padding=&#8221;10px||10px|&#8221; button_letter_spacing_hover=&#8221;2px&#8221; locked=&#8221;off&#8221; global_colors_info=&#8221;{}&#8221; button_text_size__hover_enabled=&#8221;on|hover&#8221; button_one_text_size__hover_enabled=&#8221;off&#8221; button_two_text_size__hover_enabled=&#8221;off&#8221; button_text_color__hover_enabled=&#8221;off&#8221; button_one_text_color__hover_enabled=&#8221;off&#8221; button_two_text_color__hover_enabled=&#8221;off&#8221; button_border_width__hover_enabled=&#8221;off&#8221; button_one_border_width__hover_enabled=&#8221;off&#8221; button_two_border_width__hover_enabled=&#8221;off&#8221; button_border_color__hover_enabled=&#8221;off&#8221; button_one_border_color__hover_enabled=&#8221;off&#8221; button_two_border_color__hover_enabled=&#8221;off&#8221; button_border_radius__hover_enabled=&#8221;off&#8221; button_one_border_radius__hover_enabled=&#8221;off&#8221; button_two_border_radius__hover_enabled=&#8221;off&#8221; button_letter_spacing__hover_enabled=&#8221;on&#8221; button_letter_spacing__hover=&#8221;2px&#8221; button_one_letter_spacing__hover_enabled=&#8221;off&#8221; button_two_letter_spacing__hover_enabled=&#8221;off&#8221; button_bg_color__hover_enabled=&#8221;off&#8221; button_one_bg_color__hover_enabled=&#8221;off&#8221; button_two_bg_color__hover_enabled=&#8221;off&#8221; button_text_size__hover=&#8221;13px&#8221;][\/et_pb_button][\/et_pb_column][et_pb_column type=&#8221;1_2&#8243; _builder_version=&#8221;4.16&#8243; background_color=&#8221;#121212&#8243; use_background_color_gradient=&#8221;on&#8221; background_color_gradient_stops=&#8221;rgba(18,18,18,0.5) 0%|#121212 100%&#8221; background_color_gradient_overlays_image=&#8221;on&#8221; background_color_gradient_start=&#8221;rgba(18,18,18,0.5)&#8221; background_color_gradient_end=&#8221;#121212&#8243; background_image=&#8221;https:\/\/inventkft.hu\/wp-content\/uploads\/2019\/04\/adult-architect-blueprint-416405.jpg&#8221; custom_padding=&#8221;85px||85px|&#8221; custom_padding_tablet=&#8221;60px||60px|&#8221; custom_padding_phone=&#8221;&#8221; custom_padding_last_edited=&#8221;on|desktop&#8221; global_colors_info=&#8221;{}&#8221; custom_padding__hover=&#8221;|||&#8221;][et_pb_divider show_divider=&#8221;off&#8221; _builder_version=&#8221;4.16&#8243; height=&#8221;100px&#8221; global_colors_info=&#8221;{}&#8221;][\/et_pb_divider][et_pb_image src=&#8221;https:\/\/inventkft.hu\/wp-content\/uploads\/2019\/04\/adult-architect-blueprint-416405.jpg&#8221; align_tablet=&#8221;center&#8221; align_phone=&#8221;&#8221; align_last_edited=&#8221;on|desktop&#8221; _builder_version=&#8221;4.16&#8243; max_width=&#8221;600px&#8221; max_width_tablet=&#8221;&#8221; max_width_phone=&#8221;&#8221; max_width_last_edited=&#8221;on|desktop&#8221; custom_margin=&#8221;-9%|||-8%&#8221; custom_margin_tablet=&#8221;60px|60px|60px|60px&#8221; custom_margin_phone=&#8221;&#8221; custom_margin_last_edited=&#8221;on|desktop&#8221; custom_padding=&#8221;|||&#8221; animation_style=&#8221;slide&#8221; animation_direction=&#8221;right&#8221; animation_intensity_slide=&#8221;4%&#8221; animation_starting_opacity=&#8221;50%&#8221; box_shadow_style=&#8221;preset3&#8243; box_shadow_blur=&#8221;80px&#8221; global_colors_info=&#8221;{}&#8221;][\/et_pb_image][\/et_pb_column][\/et_pb_row][\/et_pb_section][et_pb_section fb_built=&#8221;1&#8243; custom_padding_last_edited=&#8221;on|phone&#8221; admin_label=&#8221;Features&#8221; _builder_version=&#8221;4.20.4&#8243; background_color=&#8221;#3b83bd&#8221; background_image=&#8221;https:\/\/inventkft.hu\/wp-content\/uploads\/2023\/05\/robotics-12.png&#8221; background_size=&#8221;contain&#8221; background_position=&#8221;top_left&#8221; width=&#8221;95%&#8221; width_tablet=&#8221;100%&#8221; width_phone=&#8221;100%&#8221; width_last_edited=&#8221;on|tablet&#8221; module_alignment=&#8221;right&#8221; custom_margin=&#8221;||20px||false|false&#8221; custom_padding=&#8221;||||false|false&#8221; custom_padding_tablet=&#8221;|0vw|||false|false&#8221; custom_padding_phone=&#8221;|0vw|||false|false&#8221; hover_enabled=&#8221;0&#8243; background_last_edited=&#8221;on|phone&#8221; background_enable_image_tablet=&#8221;off&#8221; background_enable_image_phone=&#8221;off&#8221; background_size_tablet=&#8221;contain&#8221; locked=&#8221;off&#8221; global_colors_info=&#8221;{}&#8221; sticky_enabled=&#8221;0&#8243;][et_pb_row _builder_version=&#8221;4.16&#8243; custom_padding=&#8221;||0px|||&#8221; global_colors_info=&#8221;{}&#8221;][et_pb_column type=&#8221;4_4&#8243; _builder_version=&#8221;4.16&#8243; global_colors_info=&#8221;{}&#8221;][et_pb_text _builder_version=&#8221;4.20.4&#8243; text_line_height=&#8221;1.3em&#8221; header_2_font=&#8221;Titillium Web|600|||||||&#8221; header_2_text_align=&#8221;center&#8221; header_2_font_size=&#8221;48px&#8221; header_2_line_height=&#8221;1.3em&#8221; background_layout=&#8221;dark&#8221; custom_margin=&#8221;||0px||false|false&#8221; header_2_font_size_tablet=&#8221;32px&#8221; header_2_font_size_phone=&#8221;20px&#8221; header_2_font_size_last_edited=&#8221;on|phone&#8221; locked=&#8221;off&#8221; global_colors_info=&#8221;{}&#8221; header_2_2_font_size_tablet=&#8221;32px&#8221; header_3_2_font_size_tablet=&#8221;32px&#8221; header_4_2_font_size_tablet=&#8221;32px&#8221; header_5_2_font_size_tablet=&#8221;32px&#8221; header_6_2_font_size_tablet=&#8221;32px&#8221; header_2_2_font_size_phone=&#8221;20px&#8221; header_3_2_font_size_phone=&#8221;20px&#8221; header_4_2_font_size_phone=&#8221;20px&#8221; header_5_2_font_size_phone=&#8221;20px&#8221; header_6_2_font_size_phone=&#8221;20px&#8221; header_2_2_font_size_last_edited=&#8221;on|phone&#8221; header_3_2_font_size_last_edited=&#8221;on|phone&#8221; header_4_2_font_size_last_edited=&#8221;on|phone&#8221; header_5_2_font_size_last_edited=&#8221;on|phone&#8221; header_6_2_font_size_last_edited=&#8221;on|phone&#8221;]<\/p>\n<h2>What can we help you with?<\/h2>\n<p>[\/et_pb_text][et_pb_text _builder_version=&#8221;4.20.4&#8243; header_4_text_align=&#8221;center&#8221; global_colors_info=&#8221;{}&#8221;]<\/p>\n<h4><span style=\"color: #ffffff;\"><strong>If requested our engineers can do the design and development work relocated to the site of our Clients.<\/strong><\/span><\/h4>\n<p>[\/et_pb_text][\/et_pb_column][\/et_pb_row][et_pb_row column_structure=&#8221;1_3,1_3,1_3&#8243; use_custom_gutter=&#8221;on&#8221; gutter_width=&#8221;2&#8243; _builder_version=&#8221;4.20.4&#8243; width=&#8221;90%&#8221; width_tablet=&#8221;&#8221; width_phone=&#8221;80%&#8221; width_last_edited=&#8221;on|phone&#8221; hover_enabled=&#8221;0&#8243; global_colors_info=&#8221;{}&#8221; custom_margin=&#8221;||||false|false&#8221; sticky_enabled=&#8221;0&#8243;][et_pb_column type=&#8221;1_3&#8243; _builder_version=&#8221;4.16&#8243; global_colors_info=&#8221;{}&#8221;][et_pb_blurb title=&#8221;Tervez\u00e9s&#8221; icon_placement=&#8221;left&#8221; image_icon_width=&#8221;96px&#8221; content_max_width=&#8221;100%&#8221; image_icon_width_tablet=&#8221;64px&#8221; image_icon_width_phone=&#8221;32px&#8221; image_icon_width_last_edited=&#8221;on|phone&#8221; _builder_version=&#8221;4.20.4&#8243; header_font=&#8221;Titillium Web|700|||||||&#8221; header_font_size=&#8221;18px&#8221; body_font=&#8221;||||||||&#8221; body_text_color=&#8221;#666666&#8243; body_font_size=&#8221;16px&#8221; body_line_height=&#8221;1.5em&#8221; background_color=&#8221;#ffffff&#8221; height=&#8221;375px&#8221; custom_padding=&#8221;30px|30px|30px|30px|true|true&#8221; animation=&#8221;off&#8221; border_radii=&#8221;on|5px|5px|5px|5px&#8221; box_shadow_style=&#8221;preset3&#8243; box_shadow_vertical=&#8221;60px&#8221; box_shadow_blur=&#8221;80px&#8221; box_shadow_spread=&#8221;-10px&#8221; box_shadow_color=&#8221;rgba(98,116,138,0.2)&#8221; image_max_width=&#8221;96px&#8221; image_max_width_tablet=&#8221;64px&#8221; image_max_width_phone=&#8221;32px&#8221; image_max_width_last_edited=&#8221;on|phone&#8221; global_colors_info=&#8221;{}&#8221;]<\/p>\n<ul>\n<li>Production blueprints for complete vehicles, mechanical equipment, production equipment, appliances<\/li>\n<li>Creating production blueprints based on preplans or main-plans form our Clients<\/li>\n<li>Strength analyses using VEM method<\/li>\n<li>Creating user manuals and installation manuals for mechanical equipment and vehicles<\/li>\n<\/ul>\n<p>[\/et_pb_blurb][\/et_pb_column][et_pb_column type=&#8221;1_3&#8243; _builder_version=&#8221;4.16&#8243; global_colors_info=&#8221;{}&#8221;][et_pb_blurb title=&#8221;Tan\u00e1csad\u00e1s&#8221; icon_placement=&#8221;left&#8221; image_icon_width=&#8221;96px&#8221; content_max_width=&#8221;100%&#8221; image_icon_width_tablet=&#8221;64px&#8221; image_icon_width_phone=&#8221;32px&#8221; image_icon_width_last_edited=&#8221;on|phone&#8221; _builder_version=&#8221;4.20.4&#8243; header_font=&#8221;Titillium Web|700|||||||&#8221; header_font_size=&#8221;18px&#8221; body_font=&#8221;||||||||&#8221; body_text_color=&#8221;#666666&#8243; body_font_size=&#8221;16px&#8221; body_line_height=&#8221;1.5em&#8221; background_color=&#8221;#ffffff&#8221; height=&#8221;375px&#8221; custom_padding=&#8221;30px|30px|30px|30px|true|true&#8221; animation=&#8221;off&#8221; border_radii=&#8221;on|5px|5px|5px|5px&#8221; box_shadow_style=&#8221;preset3&#8243; box_shadow_vertical=&#8221;60px&#8221; box_shadow_blur=&#8221;80px&#8221; box_shadow_spread=&#8221;-10px&#8221; box_shadow_color=&#8221;rgba(98,116,138,0.2)&#8221; image_max_width=&#8221;96px&#8221; image_max_width_tablet=&#8221;64px&#8221; image_max_width_phone=&#8221;32px&#8221; image_max_width_last_edited=&#8221;on|phone&#8221; locked=&#8221;off&#8221; global_colors_info=&#8221;{}&#8221;]<\/p>\n<ul>\n<li>Problem solving inspections, technical economic analysis<\/li>\n<li>Creating feasibility studies<\/li>\n<li>Assembling tender documents and tendering<\/li>\n<li>Searching for subcontractors and suppliers<\/li>\n<\/ul>\n<p>[\/et_pb_blurb][\/et_pb_column][et_pb_column type=&#8221;1_3&#8243; _builder_version=&#8221;4.20.4&#8243; _module_preset=&#8221;default&#8221; global_colors_info=&#8221;{}&#8221;][et_pb_blurb title=&#8221;Gy\u00e1rt\u00e1s t\u00e1mogat\u00e1s&#8221; icon_placement=&#8221;left&#8221; image_icon_width=&#8221;96px&#8221; content_max_width=&#8221;100%&#8221; image_icon_width_tablet=&#8221;64px&#8221; image_icon_width_phone=&#8221;32px&#8221; image_icon_width_last_edited=&#8221;on|phone&#8221; _builder_version=&#8221;4.20.4&#8243; header_font=&#8221;Titillium Web|700|||||||&#8221; header_font_size=&#8221;18px&#8221; body_font=&#8221;||||||||&#8221; body_text_color=&#8221;#666666&#8243; body_font_size=&#8221;16px&#8221; body_line_height=&#8221;1.5em&#8221; background_color=&#8221;#ffffff&#8221; height=&#8221;375px&#8221; custom_padding=&#8221;30px|30px|30px|30px|true|true&#8221; animation=&#8221;off&#8221; border_radii=&#8221;on|5px|5px|5px|5px&#8221; box_shadow_style=&#8221;preset3&#8243; box_shadow_vertical=&#8221;60px&#8221; box_shadow_blur=&#8221;80px&#8221; box_shadow_spread=&#8221;-10px&#8221; box_shadow_color=&#8221;rgba(98,116,138,0.2)&#8221; image_max_width=&#8221;96px&#8221; image_max_width_tablet=&#8221;64px&#8221; image_max_width_phone=&#8221;32px&#8221; image_max_width_last_edited=&#8221;on|phone&#8221; locked=&#8221;off&#8221; global_colors_info=&#8221;{}&#8221;]<\/p>\n<ul>\n<li>Supporting and supervising works based on our production blueprints<\/li>\n<li>Support and supervising works abroad with the presence of the Client<\/li>\n<\/ul>\n<p>[\/et_pb_blurb][\/et_pb_column][\/et_pb_row][\/et_pb_section]<\/p>","protected":false},"excerpt":{"rendered":"<p>Mit csin\u00e1lunk miSzolg\u00e1ltat\u00e1saink C\u00e9g\u00fcnk f\u0151 profilja vas\u00fati- \u00e9s k\u00f6z\u00fati j\u00e1rm\u0171vek, valamint egy\u00e9b g\u00e9p\u00e9szeti berendez\u00e9sek tervez\u00e9se. Ezenk\u00edv\u00fcl m\u00e9rn\u00f6kcsapatunk sok \u00e9ves tapasztal\u00e1val \u00e1llunk az \u00fcgyfeleink rendelkez\u00e9s\u00e9re tan\u00e1csad\u00e1si szolg\u00e1ltat\u00e1ssal.Miben tudunk seg\u00edteni?K\u00edv\u00e1ns\u00e1gra m\u00e9rn\u00f6keink a megrendel\u0151 telephely\u00e9re telep\u00fclve v\u00e9gzik a tervez\u00e9si munk\u00e1t. Komplett j\u00e1rm\u0171, g\u00e9pi berendez\u00e9s gy\u00e1rt\u00e1si rajzdokument\u00e1ci\u00f3, a hozz\u00e1 kapcsol\u00f3d\u00f3 gy\u00e1rt\u00f3eszk\u00f6z\u00f6k, k\u00e9sz\u00fcl\u00e9kek rajzdokument\u00e1ci\u00f3ja Megrendel\u0151 el\u0151terve, f\u0151terve alapj\u00e1n gy\u00e1rt\u00e1si rajzdokument\u00e1ci\u00f3 [&hellip;]<\/p>","protected":false},"author":1,"featured_media":0,"parent":0,"menu_order":0,"comment_status":"closed","ping_status":"closed","template":"","meta":{"_et_pb_use_builder":"on","_et_pb_old_content":"","_et_gb_content_width":"","ngg_post_thumbnail":0,"footnotes":""},"class_list":["post-65","page","type-page","status-publish","hentry"],"yoast_head":"<!-- This site is optimized with the Yoast SEO Premium plugin v22.5 (Yoast SEO v24.4) - https:\/\/yoast.com\/wordpress\/plugins\/seo\/ -->\n<title>Szolg\u00e1ltat\u00e1saink - INVENT M\u00e9rn\u00f6kiroda Kft.<\/title>\n<meta name=\"robots\" content=\"index, follow, max-snippet:-1, max-image-preview:large, max-video-preview:-1\" \/>\n<link rel=\"canonical\" href=\"https:\/\/inventkft.hu\/en\/our-services\/\" \/>\n<meta property=\"og:locale\" content=\"en_GB\" \/>\n<meta property=\"og:type\" content=\"article\" \/>\n<meta property=\"og:title\" content=\"Szolg\u00e1ltat\u00e1saink\" \/>\n<meta property=\"og:description\" content=\"Mit csin\u00e1lunk miSzolg\u00e1ltat\u00e1saink C\u00e9g\u00fcnk f\u0151 profilja vas\u00fati- \u00e9s k\u00f6z\u00fati j\u00e1rm\u0171vek, valamint egy\u00e9b g\u00e9p\u00e9szeti berendez\u00e9sek tervez\u00e9se. Ezenk\u00edv\u00fcl m\u00e9rn\u00f6kcsapatunk sok \u00e9ves tapasztal\u00e1val \u00e1llunk az \u00fcgyfeleink rendelkez\u00e9s\u00e9re tan\u00e1csad\u00e1si szolg\u00e1ltat\u00e1ssal.Miben tudunk seg\u00edteni?K\u00edv\u00e1ns\u00e1gra m\u00e9rn\u00f6keink a megrendel\u0151 telephely\u00e9re telep\u00fclve v\u00e9gzik a tervez\u00e9si munk\u00e1t. Komplett j\u00e1rm\u0171, g\u00e9pi berendez\u00e9s gy\u00e1rt\u00e1si rajzdokument\u00e1ci\u00f3, a hozz\u00e1 kapcsol\u00f3d\u00f3 gy\u00e1rt\u00f3eszk\u00f6z\u00f6k, k\u00e9sz\u00fcl\u00e9kek rajzdokument\u00e1ci\u00f3ja Megrendel\u0151 el\u0151terve, f\u0151terve alapj\u00e1n gy\u00e1rt\u00e1si rajzdokument\u00e1ci\u00f3 [&hellip;]\" \/>\n<meta property=\"og:url\" content=\"https:\/\/inventkft.hu\/en\/our-services\/\" \/>\n<meta property=\"og:site_name\" content=\"INVENT M\u00e9rn\u00f6kiroda Kft.\" \/>\n<meta property=\"article:modified_time\" content=\"2023-05-19T09:20:38+00:00\" \/>\n<meta name=\"twitter:card\" content=\"summary_large_image\" \/>\n<meta name=\"twitter:label1\" content=\"Estimated reading time\" \/>\n\t<meta name=\"twitter:data1\" content=\"8 minutes\" \/>\n<script type=\"application\/ld+json\" class=\"yoast-schema-graph\">{\"@context\":\"https:\/\/schema.org\",\"@graph\":[{\"@type\":\"WebPage\",\"@id\":\"https:\/\/inventkft.hu\/szolgaltatasaink\/\",\"url\":\"https:\/\/inventkft.hu\/szolgaltatasaink\/\",\"name\":\"Szolg\u00e1ltat\u00e1saink - INVENT M\u00e9rn\u00f6kiroda Kft.\",\"isPartOf\":{\"@id\":\"https:\/\/inventkft.hu\/#website\"},\"datePublished\":\"2019-04-08T11:47:48+00:00\",\"dateModified\":\"2023-05-19T09:20:38+00:00\",\"breadcrumb\":{\"@id\":\"https:\/\/inventkft.hu\/szolgaltatasaink\/#breadcrumb\"},\"inLanguage\":\"en-GB\",\"potentialAction\":[{\"@type\":\"ReadAction\",\"target\":[\"https:\/\/inventkft.hu\/szolgaltatasaink\/\"]}]},{\"@type\":\"BreadcrumbList\",\"@id\":\"https:\/\/inventkft.hu\/szolgaltatasaink\/#breadcrumb\",\"itemListElement\":[{\"@type\":\"ListItem\",\"position\":1,\"name\":\"Home\",\"item\":\"https:\/\/inventkft.hu\/\"},{\"@type\":\"ListItem\",\"position\":2,\"name\":\"Szolg\u00e1ltat\u00e1saink\"}]},{\"@type\":\"WebSite\",\"@id\":\"https:\/\/inventkft.hu\/#website\",\"url\":\"https:\/\/inventkft.hu\/\",\"name\":\"INVENT M\u00e9rn\u00f6kiroda Kft.\",\"description\":\"\",\"potentialAction\":[{\"@type\":\"SearchAction\",\"target\":{\"@type\":\"EntryPoint\",\"urlTemplate\":\"https:\/\/inventkft.hu\/?s={search_term_string}\"},\"query-input\":{\"@type\":\"PropertyValueSpecification\",\"valueRequired\":true,\"valueName\":\"search_term_string\"}}],\"inLanguage\":\"en-GB\"}]}<\/script>\n<!-- \/ Yoast SEO Premium plugin. -->","yoast_head_json":{"title":"Szolg\u00e1ltat\u00e1saink - INVENT M\u00e9rn\u00f6kiroda Kft.","robots":{"index":"index","follow":"follow","max-snippet":"max-snippet:-1","max-image-preview":"max-image-preview:large","max-video-preview":"max-video-preview:-1"},"canonical":"https:\/\/inventkft.hu\/en\/our-services\/","og_locale":"en_GB","og_type":"article","og_title":"Szolg\u00e1ltat\u00e1saink","og_description":"Mit csin\u00e1lunk miSzolg\u00e1ltat\u00e1saink C\u00e9g\u00fcnk f\u0151 profilja vas\u00fati- \u00e9s k\u00f6z\u00fati j\u00e1rm\u0171vek, valamint egy\u00e9b g\u00e9p\u00e9szeti berendez\u00e9sek tervez\u00e9se. Ezenk\u00edv\u00fcl m\u00e9rn\u00f6kcsapatunk sok \u00e9ves tapasztal\u00e1val \u00e1llunk az \u00fcgyfeleink rendelkez\u00e9s\u00e9re tan\u00e1csad\u00e1si szolg\u00e1ltat\u00e1ssal.Miben tudunk seg\u00edteni?K\u00edv\u00e1ns\u00e1gra m\u00e9rn\u00f6keink a megrendel\u0151 telephely\u00e9re telep\u00fclve v\u00e9gzik a tervez\u00e9si munk\u00e1t. Komplett j\u00e1rm\u0171, g\u00e9pi berendez\u00e9s gy\u00e1rt\u00e1si rajzdokument\u00e1ci\u00f3, a hozz\u00e1 kapcsol\u00f3d\u00f3 gy\u00e1rt\u00f3eszk\u00f6z\u00f6k, k\u00e9sz\u00fcl\u00e9kek rajzdokument\u00e1ci\u00f3ja Megrendel\u0151 el\u0151terve, f\u0151terve alapj\u00e1n gy\u00e1rt\u00e1si rajzdokument\u00e1ci\u00f3 [&hellip;]","og_url":"https:\/\/inventkft.hu\/en\/our-services\/","og_site_name":"INVENT M\u00e9rn\u00f6kiroda Kft.","article_modified_time":"2023-05-19T09:20:38+00:00","twitter_card":"summary_large_image","twitter_misc":{"Estimated reading time":"8 minutes"},"schema":{"@context":"https:\/\/schema.org","@graph":[{"@type":"WebPage","@id":"https:\/\/inventkft.hu\/szolgaltatasaink\/","url":"https:\/\/inventkft.hu\/szolgaltatasaink\/","name":"Szolg\u00e1ltat\u00e1saink - INVENT M\u00e9rn\u00f6kiroda Kft.","isPartOf":{"@id":"https:\/\/inventkft.hu\/#website"},"datePublished":"2019-04-08T11:47:48+00:00","dateModified":"2023-05-19T09:20:38+00:00","breadcrumb":{"@id":"https:\/\/inventkft.hu\/szolgaltatasaink\/#breadcrumb"},"inLanguage":"en-GB","potentialAction":[{"@type":"ReadAction","target":["https:\/\/inventkft.hu\/szolgaltatasaink\/"]}]},{"@type":"BreadcrumbList","@id":"https:\/\/inventkft.hu\/szolgaltatasaink\/#breadcrumb","itemListElement":[{"@type":"ListItem","position":1,"name":"Home","item":"https:\/\/inventkft.hu\/"},{"@type":"ListItem","position":2,"name":"Szolg\u00e1ltat\u00e1saink"}]},{"@type":"WebSite","@id":"https:\/\/inventkft.hu\/#website","url":"https:\/\/inventkft.hu\/","name":"INVENT M\u00e9rn\u00f6kiroda Kft.","description":"","potentialAction":[{"@type":"SearchAction","target":{"@type":"EntryPoint","urlTemplate":"https:\/\/inventkft.hu\/?s={search_term_string}"},"query-input":{"@type":"PropertyValueSpecification","valueRequired":true,"valueName":"search_term_string"}}],"inLanguage":"en-GB"}]}},"_links":{"self":[{"href":"https:\/\/inventkft.hu\/en\/wp-json\/wp\/v2\/pages\/65","targetHints":{"allow":["GET"]}}],"collection":[{"href":"https:\/\/inventkft.hu\/en\/wp-json\/wp\/v2\/pages"}],"about":[{"href":"https:\/\/inventkft.hu\/en\/wp-json\/wp\/v2\/types\/page"}],"author":[{"embeddable":true,"href":"https:\/\/inventkft.hu\/en\/wp-json\/wp\/v2\/users\/1"}],"replies":[{"embeddable":true,"href":"https:\/\/inventkft.hu\/en\/wp-json\/wp\/v2\/comments?post=65"}],"version-history":[{"count":31,"href":"https:\/\/inventkft.hu\/en\/wp-json\/wp\/v2\/pages\/65\/revisions"}],"predecessor-version":[{"id":1644,"href":"https:\/\/inventkft.hu\/en\/wp-json\/wp\/v2\/pages\/65\/revisions\/1644"}],"wp:attachment":[{"href":"https:\/\/inventkft.hu\/en\/wp-json\/wp\/v2\/media?parent=65"}],"curies":[{"name":"wp","href":"https:\/\/api.w.org\/{rel}","templated":true}]}}