{"id":659,"date":"2019-12-16T12:41:41","date_gmt":"2019-12-16T12:41:41","guid":{"rendered":"http:\/\/inventkft.hu\/?page_id=659"},"modified":"2019-12-16T12:41:45","modified_gmt":"2019-12-16T12:41:45","slug":"esemenyek","status":"publish","type":"page","link":"https:\/\/inventkft.hu\/en\/szechenyi-2020-tender\/esemenyek\/","title":{"rendered":"Esem\u00e9nyek"},"content":{"rendered":"<p>[et_pb_section fb_built=&#8221;1&#8243; _builder_version=&#8221;3.22&#8243; background_color=&#8221;#1b1b1b&#8221; custom_padding=&#8221;0|0px|0|0px|false|false&#8221;][et_pb_row _builder_version=&#8221;3.25&#8243; custom_padding=&#8221;14px|0px|1px|0px|false|false&#8221;][et_pb_column type=&#8221;4_4&#8243; _builder_version=&#8221;3.25&#8243; custom_padding=&#8221;|||&#8221; custom_padding__hover=&#8221;|||&#8221;][et_pb_text _builder_version=&#8221;4.0.7&#8243; header_font=&#8221;Karla|700||on|||||&#8221; header_text_align=&#8221;center&#8221; header_text_color=&#8221;#ffffff&#8221;]<\/p>\n<h1>Sz\u00e9chenyi 2020 tender<\/h1>\n<p>[\/et_pb_text][\/et_pb_column][\/et_pb_row][\/et_pb_section][et_pb_section fb_built=&#8221;1&#8243; admin_label=&#8221;projects&#8221; _builder_version=&#8221;3.22&#8243; custom_padding=&#8221;0|0px|0|0px|false|false&#8221;][et_pb_row column_structure=&#8221;1_3,2_3&#8243; module_id=&#8221;szechenyi2020&#8243; _builder_version=&#8221;3.25&#8243; custom_padding=&#8221;27px|0px|0|0px|false|false&#8221;][et_pb_column type=&#8221;1_3&#8243; _builder_version=&#8221;3.25&#8243; custom_padding=&#8221;|||&#8221; custom_padding__hover=&#8221;|||&#8221;][et_pb_image src=&#8221;http:\/\/inventkft.hu\/wp-content\/uploads\/2019\/04\/sz\u00e9chenyi-2020.jpg&#8221; align_tablet=&#8221;center&#8221; align_phone=&#8221;&#8221; align_last_edited=&#8221;on|desktop&#8221; _builder_version=&#8221;3.23&#8243;][\/et_pb_image][\/et_pb_column][et_pb_column type=&#8221;2_3&#8243; _builder_version=&#8221;3.25&#8243; custom_padding=&#8221;|||&#8221; custom_padding__hover=&#8221;|||&#8221;][et_pb_text _builder_version=&#8221;3.27.4&#8243; header_font=&#8221;||||||||&#8221; custom_margin=&#8221;120px||&#8221; inline_fonts=&#8221;Arial&#8221; border_radii__hover_enabled=&#8221;on&#8221;]<\/p>\n<p style=\"font-size: 20px;\" class=\"translation-block\">Thanks to the Government of Hungary and the European Union for the subsidy<\/p>\n<p>[\/et_pb_text][et_pb_text _builder_version=&#8221;3.27.4&#8243; inline_fonts=&#8221;Arial&#8221;]<\/p>\n<p style=\"font-size: 24px;\"><span style=\"font-family: Arial; font-weight: normal;\">INVENT Engineering Office Ltd.<\/span><\/p>\n<p>[\/et_pb_text][et_pb_text _builder_version=&#8221;3.27.4&#8243; inline_fonts=&#8221;Arial&#8221;]<\/p>\n<p style=\"font-size: 36px;\"><span style=\"font-family: Arial; font-weight: normal; font-size: xx-large;\"><strong>Development of a Universal Motorized Bogie to help the development of the narrow-gauge railways<\/strong><\/span><\/p>\n<p>[\/et_pb_text][et_pb_text _builder_version=&#8221;3.27.4&#8243; inline_fonts=&#8221;Arial&#8221;]<\/p>\n<p style=\"font-size: 24px;\"><span style=\"font-family: Arial;\">Amount of the subsidy:<\/span><\/p>\n<p>[\/et_pb_text][et_pb_text _builder_version=&#8221;3.27.4&#8243; inline_fonts=&#8221;Arial&#8221;]<\/p>\n<p style=\"font-size: 36px;\"><span style=\"font-family: Arial; font-weight: normal; color: #244bae;\"><strong>49,787 Million HUF<\/strong><\/span><\/p>\n<p>[\/et_pb_text][et_pb_text _builder_version=&#8221;4.0.7&#8243; inline_fonts=&#8221;Arial&#8221;]<\/p>\n<p><span style=\"font-family: Arial; color: #404040;\">GINOP-2.1.7-15 \u2013 2016-00424 tender<\/span><\/p>\n<p>[\/et_pb_text][et_pb_text _builder_version=&#8221;3.27.4&#8243; inline_fonts=&#8221;Arial&#8221;][\/et_pb_text][\/et_pb_column][\/et_pb_row][et_pb_row column_structure=&#8221;1_3,1_3,1_3&#8243; _builder_version=&#8221;4.0.7&#8243;][et_pb_column type=&#8221;1_3&#8243; _builder_version=&#8221;4.0.7&#8243;][et_pb_button button_url=&#8221;\/esemenyek&#8221; button_text=&#8221;Esem\u00e9nyek&#8221; button_alignment=&#8221;center&#8221; _builder_version=&#8221;4.0.7&#8243; custom_button=&#8221;on&#8221; button_text_size=&#8221;13px&#8221; button_text_color=&#8221;#ffffff&#8221; button_bg_color=&#8221;#2ea3f2&#8243; button_border_width=&#8221;2px&#8221; button_border_color=&#8221;#2ea3f2&#8243; button_border_radius=&#8221;20px&#8221; button_letter_spacing=&#8221;3px&#8221; button_font=&#8221;Karla|700||on|||||&#8221; background_layout=&#8221;dark&#8221; custom_padding=&#8221;10px||10px|&#8221; button_letter_spacing_hover=&#8221;2px&#8221; locked=&#8221;off&#8221; button_text_size__hover_enabled=&#8221;on&#8221; button_one_text_size__hover_enabled=&#8221;off&#8221; button_two_text_size__hover_enabled=&#8221;off&#8221; button_text_color__hover_enabled=&#8221;off&#8221; button_one_text_color__hover_enabled=&#8221;off&#8221; button_two_text_color__hover_enabled=&#8221;off&#8221; button_border_width__hover_enabled=&#8221;off&#8221; button_one_border_width__hover_enabled=&#8221;off&#8221; button_two_border_width__hover_enabled=&#8221;off&#8221; button_border_color__hover_enabled=&#8221;off&#8221; button_one_border_color__hover_enabled=&#8221;off&#8221; button_two_border_color__hover_enabled=&#8221;off&#8221; button_border_radius__hover_enabled=&#8221;off&#8221; button_one_border_radius__hover_enabled=&#8221;off&#8221; button_two_border_radius__hover_enabled=&#8221;off&#8221; button_letter_spacing__hover_enabled=&#8221;on&#8221; button_letter_spacing__hover=&#8221;3px&#8221; button_one_letter_spacing__hover_enabled=&#8221;off&#8221; button_two_letter_spacing__hover_enabled=&#8221;off&#8221; button_bg_color__hover_enabled=&#8221;off&#8221; button_one_bg_color__hover_enabled=&#8221;off&#8221; button_two_bg_color__hover_enabled=&#8221;off&#8221; button_text_size__hover=&#8221;14px&#8221;][\/et_pb_button][\/et_pb_column][et_pb_column type=&#8221;1_3&#8243; _builder_version=&#8221;4.0.7&#8243;][et_pb_button button_url=&#8221;\/sajtohirek&#8221; button_text=&#8221;Sajt\u00f3h\u00edrek&#8221; button_alignment=&#8221;center&#8221; _builder_version=&#8221;4.0.7&#8243; custom_button=&#8221;on&#8221; button_text_size=&#8221;13px&#8221; button_text_color=&#8221;#ffffff&#8221; button_bg_color=&#8221;#2ea3f2&#8243; button_border_width=&#8221;2px&#8221; button_border_color=&#8221;#2ea3f2&#8243; button_border_radius=&#8221;20px&#8221; button_letter_spacing=&#8221;3px&#8221; button_font=&#8221;Karla|700||on|||||&#8221; background_layout=&#8221;dark&#8221; custom_padding=&#8221;10px||10px|&#8221; button_letter_spacing_hover=&#8221;2px&#8221; locked=&#8221;off&#8221; button_text_size__hover_enabled=&#8221;on&#8221; button_one_text_size__hover_enabled=&#8221;off&#8221; button_two_text_size__hover_enabled=&#8221;off&#8221; button_text_color__hover_enabled=&#8221;off&#8221; button_one_text_color__hover_enabled=&#8221;off&#8221; button_two_text_color__hover_enabled=&#8221;off&#8221; button_border_width__hover_enabled=&#8221;off&#8221; button_one_border_width__hover_enabled=&#8221;off&#8221; button_two_border_width__hover_enabled=&#8221;off&#8221; button_border_color__hover_enabled=&#8221;off&#8221; button_one_border_color__hover_enabled=&#8221;off&#8221; button_two_border_color__hover_enabled=&#8221;off&#8221; button_border_radius__hover_enabled=&#8221;off&#8221; button_one_border_radius__hover_enabled=&#8221;off&#8221; button_two_border_radius__hover_enabled=&#8221;off&#8221; button_letter_spacing__hover_enabled=&#8221;on&#8221; button_letter_spacing__hover=&#8221;3px&#8221; button_one_letter_spacing__hover_enabled=&#8221;off&#8221; button_two_letter_spacing__hover_enabled=&#8221;off&#8221; button_bg_color__hover_enabled=&#8221;off&#8221; button_one_bg_color__hover_enabled=&#8221;off&#8221; button_two_bg_color__hover_enabled=&#8221;off&#8221; button_text_size__hover=&#8221;14px&#8221;][\/et_pb_button][\/et_pb_column][et_pb_column type=&#8221;1_3&#8243; _builder_version=&#8221;4.0.7&#8243;][et_pb_button button_url=&#8221;\/UHFV-forgovaz&#8221; button_text=&#8221;UHFV forg\u00f3v\u00e1z&#8221; button_alignment=&#8221;center&#8221; _builder_version=&#8221;4.0.7&#8243; custom_button=&#8221;on&#8221; button_text_size=&#8221;13px&#8221; button_text_color=&#8221;#ffffff&#8221; button_bg_color=&#8221;#2ea3f2&#8243; button_border_width=&#8221;2px&#8221; button_border_color=&#8221;#2ea3f2&#8243; button_border_radius=&#8221;20px&#8221; button_letter_spacing=&#8221;3px&#8221; button_font=&#8221;Karla|700||on|||||&#8221; background_layout=&#8221;dark&#8221; custom_padding=&#8221;10px||10px|&#8221; button_letter_spacing_hover=&#8221;2px&#8221; locked=&#8221;off&#8221; button_text_size__hover_enabled=&#8221;on&#8221; button_one_text_size__hover_enabled=&#8221;off&#8221; button_two_text_size__hover_enabled=&#8221;off&#8221; button_text_color__hover_enabled=&#8221;off&#8221; button_one_text_color__hover_enabled=&#8221;off&#8221; button_two_text_color__hover_enabled=&#8221;off&#8221; button_border_width__hover_enabled=&#8221;off&#8221; button_one_border_width__hover_enabled=&#8221;off&#8221; button_two_border_width__hover_enabled=&#8221;off&#8221; button_border_color__hover_enabled=&#8221;off&#8221; button_one_border_color__hover_enabled=&#8221;off&#8221; button_two_border_color__hover_enabled=&#8221;off&#8221; button_border_radius__hover_enabled=&#8221;off&#8221; button_one_border_radius__hover_enabled=&#8221;off&#8221; button_two_border_radius__hover_enabled=&#8221;off&#8221; button_letter_spacing__hover_enabled=&#8221;on&#8221; button_letter_spacing__hover=&#8221;3px&#8221; button_one_letter_spacing__hover_enabled=&#8221;off&#8221; button_two_letter_spacing__hover_enabled=&#8221;off&#8221; button_bg_color__hover_enabled=&#8221;off&#8221; button_one_bg_color__hover_enabled=&#8221;off&#8221; button_two_bg_color__hover_enabled=&#8221;off&#8221; button_text_size__hover=&#8221;14px&#8221;][\/et_pb_button][\/et_pb_column][\/et_pb_row][\/et_pb_section]<\/p>","protected":false},"excerpt":{"rendered":"<p>Sz\u00e9chenyi 2020 p\u00e1ly\u00e1zatK\u00d6SZ\u00d6NJ\u00dcK A MAGYAR \u00c1LLAM \u00c9S AZ EUR\u00d3PAI UNI\u00d3 T\u00c1MOGAT\u00c1S\u00c1TINVENT M\u00c9RN\u00d6KIRODA KORL\u00c1TOLT FELEL\u0150SS\u00c9G\u0170 T\u00c1RSAS\u00c1GUNIVERZ\u00c1LIS HAJTOTT FORG\u00d3V\u00c1Z FEJLESZT\u00c9SE A KESKENY NYOMT\u00c1V\u00da KISVASUTAK R\u00c9SZ\u00c9REA T\u00c1MOGAT\u00c1S \u00d6SSZEGE:49,787 MILLI\u00d3 FORINTGINOP-2.1.7-15 &#8211; 2016 &#8211; 00424 p\u00e1ly\u00e1zat<\/p>","protected":false},"author":1,"featured_media":0,"parent":606,"menu_order":0,"comment_status":"closed","ping_status":"closed","template":"","meta":{"_et_pb_use_builder":"on","_et_pb_old_content":"","_et_gb_content_width":"","ngg_post_thumbnail":0,"footnotes":""},"class_list":["post-659","page","type-page","status-publish","hentry"],"yoast_head":"<!-- This site is optimized with the Yoast SEO Premium plugin v22.5 (Yoast SEO v24.4) - https:\/\/yoast.com\/wordpress\/plugins\/seo\/ -->\n<title>Esem\u00e9nyek - INVENT M\u00e9rn\u00f6kiroda Kft.<\/title>\n<meta name=\"robots\" content=\"index, follow, max-snippet:-1, max-image-preview:large, max-video-preview:-1\" \/>\n<link rel=\"canonical\" href=\"https:\/\/inventkft.hu\/en\/szechenyi-2020-tender\/esemenyek\/\" \/>\n<meta property=\"og:locale\" content=\"en_GB\" \/>\n<meta property=\"og:type\" content=\"article\" \/>\n<meta property=\"og:title\" content=\"Esem\u00e9nyek\" \/>\n<meta property=\"og:description\" content=\"Sz\u00e9chenyi 2020 p\u00e1ly\u00e1zatK\u00d6SZ\u00d6NJ\u00dcK A MAGYAR \u00c1LLAM \u00c9S AZ EUR\u00d3PAI UNI\u00d3 T\u00c1MOGAT\u00c1S\u00c1TINVENT M\u00c9RN\u00d6KIRODA KORL\u00c1TOLT FELEL\u0150SS\u00c9G\u0170 T\u00c1RSAS\u00c1GUNIVERZ\u00c1LIS HAJTOTT FORG\u00d3V\u00c1Z FEJLESZT\u00c9SE A KESKENY NYOMT\u00c1V\u00da KISVASUTAK R\u00c9SZ\u00c9REA T\u00c1MOGAT\u00c1S \u00d6SSZEGE:49,787 MILLI\u00d3 FORINTGINOP-2.1.7-15 - 2016 - 00424 p\u00e1ly\u00e1zat\" \/>\n<meta property=\"og:url\" content=\"https:\/\/inventkft.hu\/en\/szechenyi-2020-tender\/esemenyek\/\" \/>\n<meta property=\"og:site_name\" content=\"INVENT M\u00e9rn\u00f6kiroda Kft.\" \/>\n<meta property=\"article:modified_time\" content=\"2019-12-16T12:41:45+00:00\" \/>\n<meta name=\"twitter:card\" content=\"summary_large_image\" \/>\n<meta name=\"twitter:label1\" content=\"Estimated reading time\" \/>\n\t<meta name=\"twitter:data1\" content=\"5 minutes\" \/>\n<script type=\"application\/ld+json\" class=\"yoast-schema-graph\">{\"@context\":\"https:\/\/schema.org\",\"@graph\":[{\"@type\":\"WebPage\",\"@id\":\"https:\/\/inventkft.hu\/szechenyi-2020-palyazat\/esemenyek\/\",\"url\":\"https:\/\/inventkft.hu\/szechenyi-2020-palyazat\/esemenyek\/\",\"name\":\"Esem\u00e9nyek - INVENT M\u00e9rn\u00f6kiroda Kft.\",\"isPartOf\":{\"@id\":\"https:\/\/inventkft.hu\/#website\"},\"datePublished\":\"2019-12-16T12:41:41+00:00\",\"dateModified\":\"2019-12-16T12:41:45+00:00\",\"breadcrumb\":{\"@id\":\"https:\/\/inventkft.hu\/szechenyi-2020-palyazat\/esemenyek\/#breadcrumb\"},\"inLanguage\":\"en-GB\",\"potentialAction\":[{\"@type\":\"ReadAction\",\"target\":[\"https:\/\/inventkft.hu\/szechenyi-2020-palyazat\/esemenyek\/\"]}]},{\"@type\":\"BreadcrumbList\",\"@id\":\"https:\/\/inventkft.hu\/szechenyi-2020-palyazat\/esemenyek\/#breadcrumb\",\"itemListElement\":[{\"@type\":\"ListItem\",\"position\":1,\"name\":\"Home\",\"item\":\"https:\/\/inventkft.hu\/\"},{\"@type\":\"ListItem\",\"position\":2,\"name\":\"Sz\u00e9chenyi 2020 p\u00e1ly\u00e1zat\",\"item\":\"https:\/\/inventkft.hu\/szechenyi-2020-palyazat\/\"},{\"@type\":\"ListItem\",\"position\":3,\"name\":\"Esem\u00e9nyek\"}]},{\"@type\":\"WebSite\",\"@id\":\"https:\/\/inventkft.hu\/#website\",\"url\":\"https:\/\/inventkft.hu\/\",\"name\":\"INVENT M\u00e9rn\u00f6kiroda Kft.\",\"description\":\"\",\"potentialAction\":[{\"@type\":\"SearchAction\",\"target\":{\"@type\":\"EntryPoint\",\"urlTemplate\":\"https:\/\/inventkft.hu\/?s={search_term_string}\"},\"query-input\":{\"@type\":\"PropertyValueSpecification\",\"valueRequired\":true,\"valueName\":\"search_term_string\"}}],\"inLanguage\":\"en-GB\"}]}<\/script>\n<!-- \/ Yoast SEO Premium plugin. -->","yoast_head_json":{"title":"Esem\u00e9nyek - INVENT M\u00e9rn\u00f6kiroda Kft.","robots":{"index":"index","follow":"follow","max-snippet":"max-snippet:-1","max-image-preview":"max-image-preview:large","max-video-preview":"max-video-preview:-1"},"canonical":"https:\/\/inventkft.hu\/en\/szechenyi-2020-tender\/esemenyek\/","og_locale":"en_GB","og_type":"article","og_title":"Esem\u00e9nyek","og_description":"Sz\u00e9chenyi 2020 p\u00e1ly\u00e1zatK\u00d6SZ\u00d6NJ\u00dcK A MAGYAR \u00c1LLAM \u00c9S AZ EUR\u00d3PAI UNI\u00d3 T\u00c1MOGAT\u00c1S\u00c1TINVENT M\u00c9RN\u00d6KIRODA KORL\u00c1TOLT FELEL\u0150SS\u00c9G\u0170 T\u00c1RSAS\u00c1GUNIVERZ\u00c1LIS HAJTOTT FORG\u00d3V\u00c1Z FEJLESZT\u00c9SE A KESKENY NYOMT\u00c1V\u00da KISVASUTAK R\u00c9SZ\u00c9REA T\u00c1MOGAT\u00c1S \u00d6SSZEGE:49,787 MILLI\u00d3 FORINTGINOP-2.1.7-15 - 2016 - 00424 p\u00e1ly\u00e1zat","og_url":"https:\/\/inventkft.hu\/en\/szechenyi-2020-tender\/esemenyek\/","og_site_name":"INVENT M\u00e9rn\u00f6kiroda Kft.","article_modified_time":"2019-12-16T12:41:45+00:00","twitter_card":"summary_large_image","twitter_misc":{"Estimated reading time":"5 minutes"},"schema":{"@context":"https:\/\/schema.org","@graph":[{"@type":"WebPage","@id":"https:\/\/inventkft.hu\/szechenyi-2020-palyazat\/esemenyek\/","url":"https:\/\/inventkft.hu\/szechenyi-2020-palyazat\/esemenyek\/","name":"Esem\u00e9nyek - INVENT M\u00e9rn\u00f6kiroda Kft.","isPartOf":{"@id":"https:\/\/inventkft.hu\/#website"},"datePublished":"2019-12-16T12:41:41+00:00","dateModified":"2019-12-16T12:41:45+00:00","breadcrumb":{"@id":"https:\/\/inventkft.hu\/szechenyi-2020-palyazat\/esemenyek\/#breadcrumb"},"inLanguage":"en-GB","potentialAction":[{"@type":"ReadAction","target":["https:\/\/inventkft.hu\/szechenyi-2020-palyazat\/esemenyek\/"]}]},{"@type":"BreadcrumbList","@id":"https:\/\/inventkft.hu\/szechenyi-2020-palyazat\/esemenyek\/#breadcrumb","itemListElement":[{"@type":"ListItem","position":1,"name":"Home","item":"https:\/\/inventkft.hu\/"},{"@type":"ListItem","position":2,"name":"Sz\u00e9chenyi 2020 p\u00e1ly\u00e1zat","item":"https:\/\/inventkft.hu\/szechenyi-2020-palyazat\/"},{"@type":"ListItem","position":3,"name":"Esem\u00e9nyek"}]},{"@type":"WebSite","@id":"https:\/\/inventkft.hu\/#website","url":"https:\/\/inventkft.hu\/","name":"INVENT M\u00e9rn\u00f6kiroda Kft.","description":"","potentialAction":[{"@type":"SearchAction","target":{"@type":"EntryPoint","urlTemplate":"https:\/\/inventkft.hu\/?s={search_term_string}"},"query-input":{"@type":"PropertyValueSpecification","valueRequired":true,"valueName":"search_term_string"}}],"inLanguage":"en-GB"}]}},"_links":{"self":[{"href":"https:\/\/inventkft.hu\/en\/wp-json\/wp\/v2\/pages\/659","targetHints":{"allow":["GET"]}}],"collection":[{"href":"https:\/\/inventkft.hu\/en\/wp-json\/wp\/v2\/pages"}],"about":[{"href":"https:\/\/inventkft.hu\/en\/wp-json\/wp\/v2\/types\/page"}],"author":[{"embeddable":true,"href":"https:\/\/inventkft.hu\/en\/wp-json\/wp\/v2\/users\/1"}],"replies":[{"embeddable":true,"href":"https:\/\/inventkft.hu\/en\/wp-json\/wp\/v2\/comments?post=659"}],"version-history":[{"count":2,"href":"https:\/\/inventkft.hu\/en\/wp-json\/wp\/v2\/pages\/659\/revisions"}],"predecessor-version":[{"id":662,"href":"https:\/\/inventkft.hu\/en\/wp-json\/wp\/v2\/pages\/659\/revisions\/662"}],"up":[{"embeddable":true,"href":"https:\/\/inventkft.hu\/en\/wp-json\/wp\/v2\/pages\/606"}],"wp:attachment":[{"href":"https:\/\/inventkft.hu\/en\/wp-json\/wp\/v2\/media?parent=659"}],"curies":[{"name":"wp","href":"https:\/\/api.w.org\/{rel}","templated":true}]}}